{"id":3,"date":"2025-10-21T18:32:39","date_gmt":"2025-10-21T18:32:39","guid":{"rendered":"https:\/\/speakeasyidiomas.es\/?page_id=3"},"modified":"2025-11-07T14:50:37","modified_gmt":"2025-11-07T13:50:37","slug":"politica-de-privacidad","status":"publish","type":"page","link":"https:\/\/speakeasyidiomas.es\/es\/politica-de-privacidad\/","title":{"rendered":"Pol\u00edtica de privacidad"},"content":{"rendered":"<div data-elementor-type=\"wp-page\" data-elementor-id=\"3\" class=\"elementor elementor-3\" data-elementor-post-type=\"page\">\n\t\t\t\t<div class=\"elementor-element elementor-element-ee338e6 e-flex e-con-boxed e-con e-parent\" data-id=\"ee338e6\" data-element_type=\"container\" data-e-type=\"container\" data-settings=\"{&quot;background_background&quot;:&quot;classic&quot;}\">\n\t\t\t\t\t<div class=\"e-con-inner\">\n\t\t<div class=\"elementor-element elementor-element-a2e9430 e-con-full e-flex e-con e-child\" data-id=\"a2e9430\" data-element_type=\"container\" data-e-type=\"container\" data-settings=\"{&quot;background_background&quot;:&quot;classic&quot;}\">\n\t\t\t\t<\/div>\n\t\t\t\t\t<\/div>\n\t\t\t\t<\/div>\n\t\t<div class=\"elementor-element elementor-element-3c9dd51b e-flex e-con-boxed e-con e-parent\" data-id=\"3c9dd51b\" data-element_type=\"container\" data-e-type=\"container\">\n\t\t\t\t\t<div class=\"e-con-inner\">\n\t\t\t\t<div class=\"elementor-element elementor-element-63328d4b elementor-widget elementor-widget-text-editor\" data-id=\"63328d4b\" data-element_type=\"widget\" data-e-type=\"widget\" data-widget_type=\"text-editor.default\">\n\t\t\t\t\t\t\t\t\t<p>Speakeasy se compromete al cumplimiento de la normativa espa\u00f1ola y europea en materia de protecci\u00f3n de datos de car\u00e1cter personal y garantiza el cumplimiento \u00edntegro de las obligaciones dispuestas en la misma, as\u00ed como la implementaci\u00f3n de las medidas de seguridad dispuestas en el Reglamento General de Protecci\u00f3n de Datos (RGPD) (UE) 2016\/679, de 27 de abril, y en la Ley Org\u00e1nica 3\/2018, de 5 de diciembre, de Protecci\u00f3n de Datos Personales y Garant\u00eda de los Derechos Digitales (LOPD y LGD, en adelante LOPD).<\/p><p>De acuerdo con esta normativa, te informamos que el uso de nuestro sitio web puede requerir que nos facilites determinados datos de car\u00e1cter personal a trav\u00e9s de formularios de contacto o mediante el env\u00edo de correos electr\u00f3nicos, y que estos datos ser\u00e1n tratados por \u201cSPEAKEASY\u201d, responsable del tratamiento, cuyos datos son los siguientes:<\/p><p>Nombre de la empresa: CAROLINE ANNE RENNIE<br \/>Nombre comercial: SPEAKEASY<br \/>NIF: X2858721M<br \/>Domicilio social: C\/Santo Domingo 6 Palma de Mallorca<br \/>Tel\u00e9fono: +34 971 227 603<br \/>Correo electr\u00f3nico: info@speakeasyidiomas.es<\/p><p>Recogida y tratamiento de datos personales<\/p><p>Los datos personales son cualquier informaci\u00f3n relativa a una persona f\u00edsica: nombre, direcci\u00f3n de correo electr\u00f3nico, domicilio, n\u00famero de tel\u00e9fono, n\u00famero de identificaci\u00f3n fiscal (NIF\/NIE), etc. Adem\u00e1s, cuando un usuario visita nuestro sitio web, cierta informaci\u00f3n se almacena autom\u00e1ticamente por razones t\u00e9cnicas, como la direcci\u00f3n IP asignada por su proveedor de servicios de Internet.<\/p><p>SPEAKEASY, como Responsable del Tratamiento, tiene el deber de informar a los usuarios de su sitio web acerca de la recogida de datos de car\u00e1cter personal que pueden llevarse a cabo, bien sea mediante correo electr\u00f3nico o al cumplimentar los formularios incluidos en el sitio web.<\/p><p>S\u00f3lo se recoger\u00e1n los datos necesarios para prestar el servicio contratado o para responder adecuadamente a la solicitud de informaci\u00f3n del usuario. Los datos recogidos son de car\u00e1cter identificativo y corresponden al m\u00ednimo razonablemente necesario para llevar a cabo la actividad. En concreto, en ning\u00fan momento se recogen datos especialmente protegidos. En ning\u00fan caso se utilizar\u00e1n los datos para fines distintos de aquellos para los que fueron recogidos.<\/p><p>Formularios de contacto\/Email<\/p><p>Finalidad: Responder a tu solicitud de informaci\u00f3n enviada a trav\u00e9s de nuestro(s) formulario(s) de contacto.<\/p><p>Base legal: La base jur\u00eddica de este tratamiento es el consentimiento del usuario, que puede retirarse en cualquier momento.<\/p><p>Transferencia de datos: Los datos personales ser\u00e1n tratados en servidores gestionados por OVH, que actuar\u00e1 como Encargado del Tratamiento.<\/p><p>Menores<\/p><p>S\u00f3lo las personas mayores de 14 a\u00f1os pueden proporcionar datos personales en este sitio web. De acuerdo con la Ley Org\u00e1nica de Protecci\u00f3n de Datos (LOPD) y el Reglamento General de Protecci\u00f3n de Datos (RGPD), es obligatorio el consentimiento paterno o del tutor para que podamos tratar los datos personales de personas menores de 14 a\u00f1os.<\/p><p>Adem\u00e1s, s\u00f3lo las personas mayores de 18 a\u00f1os pueden contratar nuestros servicios. Los menores de 18 a\u00f1os deben contar con el consentimiento paterno o del tutor legal para que podamos prestar los servicios ofrecidos, a menos que el menor est\u00e9 emancipado.<\/p><p>Medidas de seguridad<\/p><p>Se informa a los usuarios del sitio web de \u201cSPEAKEASY\u201d que se han adoptado todas las medidas t\u00e9cnicas y organizativas de seguridad a su alcance para evitar la p\u00e9rdida, mal uso, alteraci\u00f3n, acceso no autorizado y robo de los datos, garantizando as\u00ed la confidencialidad, integridad y calidad de la informaci\u00f3n contenida en los mismos, de acuerdo con lo establecido en la normativa vigente en protecci\u00f3n de datos. Los datos personales recogidos en los formularios son objeto de tratamiento, exclusivamente, por parte del personal de \u201cSPEAKEASY\u201d o de los Encargados del Tratamiento designados.<\/p><p>El sitio web de \u201cSPEAKEASY\u201d tambi\u00e9n utiliza encriptaci\u00f3n SSL, que permite a los usuarios enviar de forma segura sus datos personales a trav\u00e9s de los formularios de contacto o registro del sitio web.<\/p><p>Precisi\u00f3n de los datos<\/p><p>El Usuario declara que todos los datos facilitados son ciertos y correctos y se compromete a mantenerlos actualizados. El Usuario es responsable de la veracidad de sus datos y ser\u00e1 el \u00fanico responsable de cualquier controversia o litigio que pudiera derivarse de su falsedad. Es importante que, para que podamos mantener los datos personales actualizados, el Usuario informe a \u201cSPEAKEASY\u201d siempre que haya habido alguna modificaci\u00f3n en los mismos.<\/p><p>Transferencia de datos<\/p><p>\u201cSPEAKEASY\u201d no ceder\u00e1 ni comunicar\u00e1 a ning\u00fan tercero tus datos, excepto en los casos legalmente previstos o cuando sea estrictamente necesario para la prestaci\u00f3n de un servicio. En concreto, los datos podr\u00e1n ser cedidos a:<\/p><p>Proveedores de servicios tecnol\u00f3gicos o inform\u00e1ticos<br \/>Proveedores de servicios de pago<br \/>Empresas de mensajer\u00eda y paqueter\u00eda<br \/>Terceros o intermediarios, que act\u00faan como proveedores de servicios, que operan en nuestro nombre (servicios administrativos, consultor\u00eda, etc.).<\/p><p>Se mantendr\u00e1 la m\u00e1s estricta confidencialidad, empleando las medidas necesarias, como la firma de acuerdos de confidencialidad o la adhesi\u00f3n a las pol\u00edticas de privacidad establecidas en sus respectivos sitios web. Los usuarios podr\u00e1n negarse a la cesi\u00f3n de sus datos a los Encargados del Tratamiento presentando una solicitud por escrito a trav\u00e9s de cualquiera de los medios antes mencionados.<\/p><p>Adem\u00e1s, en caso necesario, los datos de los clientes podr\u00e1n ser cedidos a determinados organismos en cumplimiento de una obligaci\u00f3n legal: Agencia Tributaria, Inspecci\u00f3n de Trabajo, etc.<\/p><p>Ejercer los derechos de usuario<\/p><p>La Ley Org\u00e1nica de Protecci\u00f3n de Datos (LOPD) y el Reglamento General de Protecci\u00f3n de Datos (RGPD) reconocen a los interesados el derecho a ejercitar una serie de derechos relacionados con el tratamiento de sus datos personales. Para ello, el usuario deber\u00e1 presentar una solicitud, junto con la documentaci\u00f3n que acredite su identidad (documento nacional de identidad o pasaporte), por correo electr\u00f3nico a info@speakeasyidiomas.es o mediante comunicaci\u00f3n escrita a la direcci\u00f3n indicada en nuestro Aviso Legal. Esta comunicaci\u00f3n debe incluir la siguiente informaci\u00f3n: el nombre completo del usuario, el prop\u00f3sito de la solicitud, su direcci\u00f3n y la documentaci\u00f3n acreditativa.<\/p><p>El ejercicio de los derechos deber\u00e1 ser realizado por el propio Usuario. No obstante, podr\u00e1n ser ejercitados por una persona autorizada que act\u00fae como representante legal del Usuario, siempre que se presente la documentaci\u00f3n que acredite tal representaci\u00f3n.<\/p><p>El Usuario puede solicitar el ejercicio de los siguientes derechos:<\/p><p>Derecho a solicitar el acceso a los datos personales, que es el derecho a obtener informaci\u00f3n sobre si se est\u00e1n tratando sus datos personales, la finalidad del tratamiento, en su caso, as\u00ed como la informaci\u00f3n disponible sobre el origen de dichos datos y las comunicaciones realizadas o previstas sobre los mismos.<\/p><p>Derecho a solicitar la rectificaci\u00f3n, si los datos personales son incorrectos o inexactos, o la supresi\u00f3n de los datos que sean inadecuados o excesivos.<\/p><p>Derecho a solicitar la limitaci\u00f3n del tratamiento, en cuyo caso \u201cSPEAKEASY\u201d s\u00f3lo conservar\u00e1 los datos estrictamente necesarios para el reconocimiento, ejercicio o defensa de reclamaciones judiciales.<\/p><p>Derecho de oposici\u00f3n al tratamiento: Se refiere al derecho del interesado a oponerse al tratamiento de sus datos personales o a que cese dicho tratamiento en los casos en que no se requiera su consentimiento para el tratamiento, cuando los datos se utilicen para prospecci\u00f3n comercial, o cuando se trate de tomar decisiones sobre el interesado basadas \u00fanicamente en el tratamiento automatizado de sus datos, salvo que existan motivos leg\u00edtimos para el tratamiento o para el reconocimiento, ejercicio o defensa de reclamaciones judiciales.<\/p><p>Derecho a la portabilidad de los datos: Si deseas que tus datos sean tratados por otra empresa, SPEAKEASY facilitar\u00e1 la transferencia de tus datos en un formato exportable.<\/p><p>Si has dado tu consentimiento para un fin espec\u00edfico, tienes derecho a retirar dicho consentimiento en cualquier momento, sin que ello afecte a la legalidad del tratamiento basado en el consentimiento antes de su retirada.<\/p><p>Nos comprometemos a cumplir todos estos derechos en el plazo m\u00e1ximo legal (1 mes).<\/p><p>Si un Usuario considera que hay un problema con la forma en que \u201cSPEAKEASY\u201d est\u00e1 manejando sus datos, puede dirigir sus reclamaciones al Responsable de Seguridad o a la autoridad de protecci\u00f3n de datos competente, que en el caso de Espa\u00f1a es la Agencia Espa\u00f1ola de Protecci\u00f3n de Datos (AEPD).<\/p><p>Conservaci\u00f3n de datos<\/p><p>Los datos personales de los Usuarios que utilicen el formulario de contacto o nos env\u00eden un correo electr\u00f3nico solicitando informaci\u00f3n ser\u00e1n tratados durante el tiempo estrictamente necesario para responder a la solicitud de informaci\u00f3n, o hasta que se revoque el consentimiento otorgado.<\/p><p>Los datos personales del cliente ser\u00e1n tratados hasta que finalice la relaci\u00f3n contractual. El periodo de conservaci\u00f3n de los datos personales ser\u00e1 el m\u00ednimo necesario, y podr\u00e1n conservarse hasta:<\/p><p>4 a\u00f1os: Ley sobre Infracciones y Sanciones en el Orden Social (obligaciones relativas al alta, inicio de la relaci\u00f3n laboral, cese en la relaci\u00f3n laboral, cotizaci\u00f3n a la Seguridad Social, pago de salarios, etc.); Art\u00edculos 66 y ss. Ley General Tributaria (registros contables, etc.)<br \/>5 a\u00f1os: Art. 1964 C\u00f3digo Civil (acciones personales sin plazo de prescripci\u00f3n espec\u00edfico)<br \/>6 a\u00f1os: Art. 30 C\u00f3digo de Comercio (registros contables, facturas, etc.)<br \/>10 a\u00f1os: Art. 25 Ley de Prevenci\u00f3n del Blanqueo de Capitales y de la Financiaci\u00f3n del Terrorismo.<\/p><p>Sin l\u00edmite de tiempo: datos desglosados y anonimizados.<\/p><p>Por su parte, los datos de los Usuarios que se suscriban al bolet\u00edn informativo se conservar\u00e1n indefinidamente, hasta que se revoque el consentimiento otorgado.<\/p><p>En el caso del tratamiento de datos de candidatos (CV), \u201cSPEAKEASY\u201d podr\u00e1 mantener almacenado tu CV durante un m\u00e1ximo de dos a\u00f1os para incluirlo en futuras ofertas de empleo, salvo que el candidato solicite lo contrario.<\/p><p>Redes Sociales<\/p><p>\u201cSPEAKEASY\u201d mantiene un perfil en algunas de las principales redes sociales de Internet, y en todo caso reconoce su responsabilidad en el tratamiento de los datos de sus seguidores, fans, suscriptores, comentaristas, y otros perfiles de Usuarios (en adelante, seguidores) publicados por \u201cSPEAKEASY\u201d.<\/p><p>La finalidad del tratamiento de los datos por parte de \u201cSPEAKEASY\u201d, cuando no est\u00e9 prohibido por la Ley, ser\u00e1 la de informar a sus seguidores acerca de sus actividades y ofertas, por cualquier v\u00eda que permita la red social, as\u00ed como prestar un servicio personalizado de atenci\u00f3n al cliente. La base legal para este tratamiento es el consentimiento del interesado, que podr\u00e1 ser revocado en cualquier momento.<\/p><p>En ning\u00fan caso \u201cSPEAKEASY\u201d extraer\u00e1 datos de las redes sociales, a menos que se obtuviera puntual y expresamente el consentimiento del Usuario para ello (por ejemplo, para la realizaci\u00f3n de un concurso).<\/p><p>Selecci\u00f3n de personal<\/p><p>Los candidatos que env\u00eden comunicaciones electr\u00f3nicas a \u201cSPEAKEASY\u201d con el fin de participar en los procesos de selecci\u00f3n de personal de la empresa nos autorizan a analizar los documentos que env\u00eden (por ejemplo, su CV), todo el contenido directamente accesible a trav\u00e9s de los motores de b\u00fasqueda de Internet (por ejemplo, Google), sus perfiles en redes sociales profesionales (por ejemplo, LinkedIn), los datos obtenidos en las pruebas de acceso y la informaci\u00f3n que revelen durante la entrevista de trabajo, con el fin de evaluar su candidatura y, en su caso, ofrecerle un puesto de trabajo. Si el candidato no es seleccionado, \u201cSPEAKEASY\u201d podr\u00e1 almacenar su CV durante un m\u00e1ximo de dos a\u00f1os para tenerlo en cuenta en futuras ofertas de empleo, a menos que el candidato se oponga. La base legal para este tratamiento es el consentimiento del candidato, que podr\u00e1 revocar en cualquier momento.<\/p><p>Confidencialidad<\/p><p>La informaci\u00f3n facilitada por el Usuario tendr\u00e1, en todo caso, la consideraci\u00f3n de confidencial, sin que pueda ser utilizada para otros fines que los aqu\u00ed descritos. \u201cSPEAKEASY\u201d se compromete a no divulgar ni revelar informaci\u00f3n alguna sobre las solicitudes del Usuario, los motivos del asesoramiento solicitado o la duraci\u00f3n de su relaci\u00f3n.<\/p><p>Validez<\/p><p>Esta pol\u00edtica de privacidad y protecci\u00f3n de datos se redact\u00f3 el 5 de noviembre de 2025. Puede cambiar en funci\u00f3n de los cambios normativos y jurisprudenciales, y es responsabilidad del interesado leer el documento actualizado para conocer sus derechos y obligaciones en cada momento.<\/p>\t\t\t\t\t\t\t\t<\/div>\n\t\t\t\t\t<\/div>\n\t\t\t\t<\/div>\n\t\t\t\t<\/div>","protected":false},"excerpt":{"rendered":"<p>Speakeasy is committed to complying with Spanish and European regulations on the protection of personal data and guarantees full compliance with the obligations set forth therein, as well as the implementation of the security measures stipulated in the General Data Protection Regulation (GDPR) (EU) 2016\/679 of 27 April, and in Organic Law 3\/2018 of 5 [&hellip;]<\/p>\n","protected":false},"author":1,"featured_media":0,"parent":0,"menu_order":0,"comment_status":"closed","ping_status":"closed","template":"","meta":{"footnotes":""},"class_list":["post-3","page","type-page","status-publish","hentry"],"_links":{"self":[{"href":"https:\/\/speakeasyidiomas.es\/es\/wp-json\/wp\/v2\/pages\/3","targetHints":{"allow":["GET"]}}],"collection":[{"href":"https:\/\/speakeasyidiomas.es\/es\/wp-json\/wp\/v2\/pages"}],"about":[{"href":"https:\/\/speakeasyidiomas.es\/es\/wp-json\/wp\/v2\/types\/page"}],"author":[{"embeddable":true,"href":"https:\/\/speakeasyidiomas.es\/es\/wp-json\/wp\/v2\/users\/1"}],"replies":[{"embeddable":true,"href":"https:\/\/speakeasyidiomas.es\/es\/wp-json\/wp\/v2\/comments?post=3"}],"version-history":[{"count":14,"href":"https:\/\/speakeasyidiomas.es\/es\/wp-json\/wp\/v2\/pages\/3\/revisions"}],"predecessor-version":[{"id":1081,"href":"https:\/\/speakeasyidiomas.es\/es\/wp-json\/wp\/v2\/pages\/3\/revisions\/1081"}],"wp:attachment":[{"href":"https:\/\/speakeasyidiomas.es\/es\/wp-json\/wp\/v2\/media?parent=3"}],"curies":[{"name":"wp","href":"https:\/\/api.w.org\/{rel}","templated":true}]}}