{"id":182,"date":"2025-11-03T10:30:44","date_gmt":"2025-11-03T09:30:44","guid":{"rendered":"https:\/\/speakeasyidiomas.es\/?page_id=182"},"modified":"2025-11-07T14:50:29","modified_gmt":"2025-11-07T13:50:29","slug":"aviso-legal","status":"publish","type":"page","link":"https:\/\/speakeasyidiomas.es\/es\/aviso-legal\/","title":{"rendered":"Aviso legal"},"content":{"rendered":"<div data-elementor-type=\"wp-page\" data-elementor-id=\"182\" class=\"elementor elementor-182\" data-elementor-post-type=\"page\">\n\t\t\t\t<div class=\"elementor-element elementor-element-a16cece e-flex e-con-boxed e-con e-parent\" data-id=\"a16cece\" data-element_type=\"container\" data-e-type=\"container\" data-settings=\"{&quot;background_background&quot;:&quot;classic&quot;}\">\n\t\t\t\t\t<div class=\"e-con-inner\">\n\t\t<div class=\"elementor-element elementor-element-ea50367 e-con-full e-flex e-con e-child\" data-id=\"ea50367\" data-element_type=\"container\" data-e-type=\"container\" data-settings=\"{&quot;background_background&quot;:&quot;classic&quot;}\">\n\t\t\t\t<\/div>\n\t\t\t\t\t<\/div>\n\t\t\t\t<\/div>\n\t\t<div class=\"elementor-element elementor-element-0e1bc4b e-flex e-con-boxed e-con e-parent\" data-id=\"0e1bc4b\" data-element_type=\"container\" data-e-type=\"container\">\n\t\t\t\t\t<div class=\"e-con-inner\">\n\t\t\t\t<div class=\"elementor-element elementor-element-1ea10b0 elementor-widget elementor-widget-text-editor\" data-id=\"1ea10b0\" data-element_type=\"widget\" data-e-type=\"widget\" data-widget_type=\"text-editor.default\">\n\t\t\t\t\t\t\t\t\t<p>En cumplimiento del art\u00edculo 10 de la Ley 34\/2002, de 11 de julio, de Servicios de la Sociedad de la Informaci\u00f3n y Comercio Electr\u00f3nico (LSSICE), CAROLINE ANNE RENNIE (en adelante, \u201cSPEAKEASY\u201d), responsable de este sitio web, pone a disposici\u00f3n de los Usuarios la siguiente informaci\u00f3n para definir sus Condiciones de Uso.<br \/>Adem\u00e1s del contenido aqu\u00ed presentado, los aspectos espec\u00edficos relacionados con la protecci\u00f3n de datos personales y la privacidad de los usuarios de este sitio web se detallan en las p\u00e1ginas Pol\u00edtica de privacidad y Pol\u00edtica de cookies.<\/p><p>Identidad del responsable del tratamiento<br \/>- Nombre de la empresa: CAROLINE ANNE RENNIE<br \/>- Nombre comercial: SPEAKEASY<br \/>- NIF: X2858721M<br \/>- Domicilio social: C\/Santo Domingo 6 Palma de Mallorca<br \/>- Tel\u00e9fono: +34 971 227 603<br \/>- Correo electr\u00f3nico: info@speakeasyidiomas.es<br \/>- Nombre de dominio: https:\/\/speakeasyidiomas.es\/<br \/>- Registro de Tratamiento de Datos conforme al GDPR: Asociados\/Proveedores, Listas de correo, Socios\/Empleados, Contrataci\u00f3n y Usuarios del sitio web<br \/>Finalidad del sitio web<br \/>El sitio web de \u201cSPEAKEASY\u201d tiene por objeto informar a los clientes sobre sus productos y\/o servicios, datos de contacto, ubicaci\u00f3n, etc. Adem\u00e1s, cuando proceda, tambi\u00e9n podr\u00e1 utilizarse para difundir informaci\u00f3n relacionada con el sector de actividad del responsable del tratamiento.<\/p><p>Marco jur\u00eddico<br \/>La actividad de este sitio web est\u00e1 sujeta al marco legal espa\u00f1ol y europeo, en concreto a la siguiente normativa:<br \/>- Reglamento General de Protecci\u00f3n de Datos (RGPD) (UE) 2016\/679, de 27 de abril, que regula el tratamiento de datos personales en los pa\u00edses de la Uni\u00f3n Europea.<\/p><p>- Ley Org\u00e1nica 3\/2018, de 5 de diciembre, de Protecci\u00f3n de Datos Personales y Garant\u00eda de los Derechos Digitales (LOPD y GDD), norma auton\u00f3mica (aplicable a Espa\u00f1a), que define y ampl\u00eda muchos de los conceptos y derechos presentes en el GDPR.<\/p><p>- Ley 34\/2002, de 11 de julio, de Servicios de la Sociedad de la Informaci\u00f3n y de Comercio Electr\u00f3nico (LSSICE), que afecta a los sitios web que, de alg\u00fan modo, realicen actividades econ\u00f3micas por medios electr\u00f3nicos, como es el caso de este sitio web.<\/p><p>Condiciones de uso y responsabilidades<br \/>Toda persona que acceda a este sitio web asume el papel de Usuario, comprometi\u00e9ndose a la observancia y cumplimiento riguroso de las disposiciones aqu\u00ed dispuestas, as\u00ed como a cualesquiera otra disposici\u00f3n legal que fuera de aplicaci\u00f3n. \u201cSPEAKEASY\u201d no se hace responsable de los da\u00f1os y perjuicios, tanto al Usuario como a terceros, derivados de un uso inadecuado de este sitio web por parte del Usuario.<\/p><p>Por lo tanto, el contenido de este sitio web no debe considerarse, en ning\u00fan caso, un sustituto del asesoramiento jur\u00eddico.<\/p><p>\u201cSPEAKEASY\u201d se reserva el derecho a modificar cualquier tipo de informaci\u00f3n que pudiera aparecer en el sitio web, en cualquier momento y sin previo aviso, sin que exista obligaci\u00f3n de preavisar o poner en conocimiento de los Usuarios dichas obligaciones, entendi\u00e9ndose como suficiente con la publicaci\u00f3n en el presente sitio web.<\/p><p>Este sitio web ha sido revisado y probado para garantizar su funcionamiento correcto e ininterrumpido. No obstante, SPEAKEASY no descarta la posibilidad de que existan ciertos errores de programaci\u00f3n, o que acontezcan causas de fuerza mayor, como cat\u00e1strofes naturales, huelgas, o circunstancias semejantes que hagan imposible, de forma temporal, el acceso a la p\u00e1gina web. Asimismo, SPEAKEASY no puede garantizar el funcionamiento ininterrumpido o libre de errores de este sitio web, ni se responsabiliza de los virus procedentes de transmisiones electr\u00f3nicas infiltrados por terceros con la intenci\u00f3n de causar da\u00f1os en un sistema inform\u00e1tico.<\/p><p>El Usuario se compromete a no utilizar este sitio web, ni ninguno de los servicios o productos ofrecidos en el mismo, para la realizaci\u00f3n de actividades que sean ilegales, contrarias al orden p\u00fablico o que infrinjan las presentes condiciones de uso. Por ello, \u201cSPEAKEASY\u201d no se hace responsable de la informaci\u00f3n y contenidos almacenados, a t\u00edtulo enunciativo pero no limitativo, en foros, chat's, generadores de blogs, comentarios, redes sociales o cualesquiera otro medio que permita a terceros publicar contenidos. No obstante, y en cumplimiento de lo dispuesto en los art\u00edculos 11 y 16 de la LSSI-CE, \u201cSPEAKEASY\u201d se pone a disposici\u00f3n de todos los Usuarios, autoridades y fuerzas de seguridad, y colaborando de forma activa en la retirada o en su caso bloqueo de todos aquellos contenidos que pudieran afectar o contravenir la legislaci\u00f3n nacional, o internacional, derechos de terceros o la moral y el orden p\u00fablico. Si un Usuario cree que alg\u00fan contenido del sitio web puede entrar en esta categor\u00eda, se le ruega que lo notifique inmediatamente a nuestro personal.<\/p><p>\u201cSPEAKEASY\u201d se reserva el derecho a denegar o retirar el acceso al sitio web, sin necesidad de preaviso, a instancia propia o de un tercero, a aquellos Usuarios que incumplan nuestras Condiciones Generales.<\/p><p>Condiciones de uso.<br \/>Propiedad intelectual<br \/>El sitio web, incluyendo a t\u00edtulo enunciativo pero no limitativo su programaci\u00f3n, edici\u00f3n, compilaci\u00f3n y dem\u00e1s elementos necesarios para su funcionamiento, as\u00ed como los dise\u00f1os, logotipos, texto y\/o gr\u00e1ficos son propiedad de \u201cSPEAKEASY\u201d o, en su caso, se utilizan con licencia o autorizaci\u00f3n expresa de sus respectivos propietarios.<\/p><p>Todos los contenidos del sitio web se encuentran debidamente protegidos por la normativa de propiedad intelectual e industrial, as\u00ed como inscritos en los registros p\u00fablicos correspondientes. Queda prohibida la reproducci\u00f3n y\/o publicaci\u00f3n, total o parcial, del sitio web, as\u00ed como su tratamiento inform\u00e1tico, su distribuci\u00f3n, su difusi\u00f3n, su modificaci\u00f3n o transformaci\u00f3n, sin el permiso previo y por escrito de \u201cSPEAKEASY\u201d. \u201cSPEAKEASY\u201d velar\u00e1 por el cumplimiento de las anteriores condiciones como por la debida utilizaci\u00f3n de los contenidos presentados en sus p\u00e1ginas web, ejercitando todas las acciones civiles y penales que le correspondan en el caso de infracci\u00f3n o incumplimiento de estos derechos por parte del Usuario.<\/p><p>Los dise\u00f1os, logotipos, texto y\/o gr\u00e1ficos ajenos a \u201cSPEAKEASY\u201d y que pudieran aparecer en el sitio web, pertenecen a sus respectivos propietarios, siendo ellos mismos los \u00fanicos responsables de cualquier posible controversia que pudiera suscitarse respecto a los mismos. En todo caso, \u201cSPEAKEASY\u201d cuenta con la autorizaci\u00f3n expresa y previa por parte de los mismos. \u201cSPEAKEASY\u201d reconoce a favor de sus titulares los correspondientes derechos de propiedad industrial e intelectual, no implicando su sola menci\u00f3n o aparici\u00f3n en el sitio web la existencia de derechos o responsabilidad alguna de \u201cSPEAKEASY\u201d sobre los mismos, como tampoco respaldo, patrocinio o recomendaci\u00f3n por parte del mismo.\u201c<\/p><p>Enlaces de terceros<br \/>\u201cSPEAKEASY\u201d puede poner a disposici\u00f3n del Usuario enlaces u otros elementos que permiten el acceso a otras p\u00e1ginas web pertenecientes a terceros. No comercializamos los productos y\/o servicios de dichas p\u00e1ginas enlazadas, ni asumimos responsabilidad alguna por los mismos, la informaci\u00f3n contenida en ellas, su veracidad o licitud, o las consecuencias que pudieran derivarse.<\/p><p>En todo caso, SPEAKEASY manifiesta que proceder\u00e1 a la retirada inmediata de cualquier contenido que pudiera contravenir la legislaci\u00f3n nacional o internacional, la moral o el orden p\u00fablico, procediendo a la retirada inmediata de cualquier redirecci\u00f3n a dicho sitio web, poniendo en conocimiento de las autoridades competentes el contenido en cuesti\u00f3n.<\/p><p>Ley aplicable y jurisdicci\u00f3n<br \/>El idioma de redacci\u00f3n e interpretaci\u00f3n de este aviso legal es el espa\u00f1ol.<\/p><p>La relaci\u00f3n entre SPEAKEASY y el Usuario se rige en todos y cada uno de sus extremos por la ley espa\u00f1ola, a la que se someten expresamente ambas partes para cualquier controversia o cuesti\u00f3n relacionada con el presente sitio web o de las actividades en \u00e9l desarrolladas. Asimismo, en el caso de que el Usuario tenga su domicilio fuera de Espa\u00f1a, SPEAKEASY y el Usuario se someten, con renuncia expresa a cualquier otro fuero, a los Juzgados y Tribunales competentes de Espa\u00f1a.<\/p>\t\t\t\t\t\t\t\t<\/div>\n\t\t\t\t\t<\/div>\n\t\t\t\t<\/div>\n\t\t\t\t<\/div>","protected":false},"excerpt":{"rendered":"<p>In compliance with Article 10 of Law 34\/2002, of July 11, on Information Society Services and Electronic Commerce (LSSICE), CAROLINE ANNE RENNIE (hereinafter, \u201cSPEAKEASY\u201d), responsible for this website, provides Users with the following information to define its Terms of Use.In addition to the content presented here, specific aspects related to the protection of personal data [&hellip;]<\/p>\n","protected":false},"author":2,"featured_media":0,"parent":0,"menu_order":0,"comment_status":"closed","ping_status":"closed","template":"","meta":{"footnotes":""},"class_list":["post-182","page","type-page","status-publish","hentry"],"_links":{"self":[{"href":"https:\/\/speakeasyidiomas.es\/es\/wp-json\/wp\/v2\/pages\/182","targetHints":{"allow":["GET"]}}],"collection":[{"href":"https:\/\/speakeasyidiomas.es\/es\/wp-json\/wp\/v2\/pages"}],"about":[{"href":"https:\/\/speakeasyidiomas.es\/es\/wp-json\/wp\/v2\/types\/page"}],"author":[{"embeddable":true,"href":"https:\/\/speakeasyidiomas.es\/es\/wp-json\/wp\/v2\/users\/2"}],"replies":[{"embeddable":true,"href":"https:\/\/speakeasyidiomas.es\/es\/wp-json\/wp\/v2\/comments?post=182"}],"version-history":[{"count":11,"href":"https:\/\/speakeasyidiomas.es\/es\/wp-json\/wp\/v2\/pages\/182\/revisions"}],"predecessor-version":[{"id":1078,"href":"https:\/\/speakeasyidiomas.es\/es\/wp-json\/wp\/v2\/pages\/182\/revisions\/1078"}],"wp:attachment":[{"href":"https:\/\/speakeasyidiomas.es\/es\/wp-json\/wp\/v2\/media?parent=182"}],"curies":[{"name":"wp","href":"https:\/\/api.w.org\/{rel}","templated":true}]}}