{"id":143,"date":"2025-10-31T15:31:53","date_gmt":"2025-10-31T14:31:53","guid":{"rendered":"https:\/\/speakeasyidiomas.es\/?page_id=143"},"modified":"2025-11-17T13:23:12","modified_gmt":"2025-11-17T12:23:12","slug":"la-escuela","status":"publish","type":"page","link":"https:\/\/speakeasyidiomas.es\/es\/la-escuela\/","title":{"rendered":"Escuela"},"content":{"rendered":"<div data-elementor-type=\"wp-page\" data-elementor-id=\"143\" class=\"elementor elementor-143\" data-elementor-post-type=\"page\">\n\t\t\t\t<div class=\"elementor-element elementor-element-3db2377e e-flex e-con-boxed e-con e-parent\" data-id=\"3db2377e\" data-element_type=\"container\" data-e-type=\"container\" data-settings=\"{&quot;background_background&quot;:&quot;classic&quot;}\">\n\t\t\t\t\t<div class=\"e-con-inner\">\n\t\t<div class=\"elementor-element elementor-element-48c879c9 e-con-full e-flex e-con e-child\" data-id=\"48c879c9\" data-element_type=\"container\" data-e-type=\"container\" data-settings=\"{&quot;background_background&quot;:&quot;classic&quot;}\">\n\t\t\t\t<\/div>\n\t\t\t\t\t<\/div>\n\t\t\t\t<\/div>\n\t\t<div class=\"elementor-element elementor-element-244a73a e-flex e-con-boxed e-con e-parent\" data-id=\"244a73a\" data-element_type=\"container\" data-e-type=\"container\">\n\t\t\t\t\t<div class=\"e-con-inner\">\n\t\t<div class=\"elementor-element elementor-element-f41e40b e-con-full e-flex e-con e-child\" data-id=\"f41e40b\" data-element_type=\"container\" data-e-type=\"container\">\n\t\t<div class=\"elementor-element elementor-element-ada2a2a e-con-full e-flex e-con e-child\" data-id=\"ada2a2a\" data-element_type=\"container\" data-e-type=\"container\">\n\t\t\t\t<div class=\"elementor-element elementor-element-f50638d elementor-view-default elementor-widget elementor-widget-icon\" data-id=\"f50638d\" data-element_type=\"widget\" data-e-type=\"widget\" data-widget_type=\"icon.default\">\n\t\t\t\t\t\t\t<div class=\"elementor-icon-wrapper\">\n\t\t\t<div class=\"elementor-icon\">\n\t\t\t<svg xmlns=\"http:\/\/www.w3.org\/2000\/svg\" xmlns:xlink=\"http:\/\/www.w3.org\/1999\/xlink\" xmlns:svgjs=\"http:\/\/svgjs.dev\/svgjs\" id=\"_x31_5_Circle_Tool\" viewbox=\"0 0 512 512\" width=\"300\" height=\"300\"><g width=\"100%\" height=\"100%\" transform=\"matrix(1,0,0,1,0,0)\"><path d=\"m428.8 75.1c-46.2-48.4-107.6-75.1-172.8-75.1s-126.6 26.6-172.7 75.1c-46.1 48.3-71.5 112.5-71.5 180.9s25.4 132.6 71.4 180.9c46.2 48.4 107.7 75.1 172.8 75.1s126.6-26.6 172.7-75.1c46.1-48.4 71.4-112.5 71.4-180.9s-25.3-132.6-71.3-180.9z\" fill=\"#e6daf0\" fill-opacity=\"1\" data-original-color=\"#000000ff\" stroke=\"none\" stroke-opacity=\"1\"><\/path><\/g><\/svg>\t\t\t<\/div>\n\t\t<\/div>\n\t\t\t\t\t\t<\/div>\n\t\t\t\t<div class=\"elementor-element elementor-element-e6a6dd9 elementor-widget elementor-widget-heading\" data-id=\"e6a6dd9\" data-element_type=\"widget\" data-e-type=\"widget\" data-widget_type=\"heading.default\">\n\t\t\t\t\t<h2 class=\"elementor-heading-title elementor-size-default\">Nuestros objetivos<\/h2>\t\t\t\t<\/div>\n\t\t\t\t<\/div>\n\t\t\t\t<div class=\"elementor-element elementor-element-519a544 elementor-widget elementor-widget-text-editor\" data-id=\"519a544\" data-element_type=\"widget\" data-e-type=\"widget\" data-widget_type=\"text-editor.default\">\n\t\t\t\t\t\t\t\t\t<p>En Speakeasy Idiomas, en Palma de Mallorca, nuestra misi\u00f3n es crear un ambiente relajado, agradable y motivador en el que estudiantes de todas las edades puedan aprender ingl\u00e9s o espa\u00f1ol con confianza.<br \/>Como centro de idiomas peque\u00f1o e independiente, nos enorgullecemos de nuestro ambiente familiar, un lugar donde todo el mundo se siente bienvenido y apoyado. Tanto si aprendes por motivos de trabajo, viajes, educaci\u00f3n o crecimiento personal, hacemos que el aprendizaje de idiomas sea divertido, eficaz y f\u00e1cil.<\/p>\t\t\t\t\t\t\t\t<\/div>\n\t\t\t\t<\/div>\n\t\t<div class=\"elementor-element elementor-element-357023c e-con-full e-flex e-con e-child\" data-id=\"357023c\" data-element_type=\"container\" data-e-type=\"container\">\n\t\t<div class=\"elementor-element elementor-element-f00b383 e-con-full e-flex e-con e-child\" data-id=\"f00b383\" data-element_type=\"container\" data-e-type=\"container\">\n\t\t\t\t<div class=\"elementor-element elementor-element-409a717 elementor-view-default elementor-widget elementor-widget-icon\" data-id=\"409a717\" data-element_type=\"widget\" data-e-type=\"widget\" data-widget_type=\"icon.default\">\n\t\t\t\t\t\t\t<div class=\"elementor-icon-wrapper\">\n\t\t\t<div class=\"elementor-icon\">\n\t\t\t<svg xmlns=\"http:\/\/www.w3.org\/2000\/svg\" xmlns:xlink=\"http:\/\/www.w3.org\/1999\/xlink\" xmlns:svgjs=\"http:\/\/svgjs.dev\/svgjs\" id=\"_x31_5_Circle_Tool\" viewbox=\"0 0 512 512\" width=\"300\" height=\"300\"><g width=\"100%\" height=\"100%\" transform=\"matrix(1,0,0,1,0,0)\"><path d=\"m428.8 75.1c-46.2-48.4-107.6-75.1-172.8-75.1s-126.6 26.6-172.7 75.1c-46.1 48.3-71.5 112.5-71.5 180.9s25.4 132.6 71.4 180.9c46.2 48.4 107.7 75.1 172.8 75.1s126.6-26.6 172.7-75.1c46.1-48.4 71.4-112.5 71.4-180.9s-25.3-132.6-71.3-180.9z\" fill=\"#e6daf0\" fill-opacity=\"1\" data-original-color=\"#000000ff\" stroke=\"none\" stroke-opacity=\"1\"><\/path><\/g><\/svg>\t\t\t<\/div>\n\t\t<\/div>\n\t\t\t\t\t\t<\/div>\n\t\t\t\t<div class=\"elementor-element elementor-element-7ebef59 elementor-widget elementor-widget-heading\" data-id=\"7ebef59\" data-element_type=\"widget\" data-e-type=\"widget\" data-widget_type=\"heading.default\">\n\t\t\t\t\t<h2 class=\"elementor-heading-title elementor-size-default\">Experiencia<\/h2>\t\t\t\t<\/div>\n\t\t\t\t<\/div>\n\t\t\t\t<div class=\"elementor-element elementor-element-20726c9 elementor-widget elementor-widget-text-editor\" data-id=\"20726c9\" data-element_type=\"widget\" data-e-type=\"widget\" data-widget_type=\"text-editor.default\">\n\t\t\t\t\t\t\t\t\t<p>Todos nuestros profesores son nativos cualificados y cuentan con amplia experiencia ense\u00f1ando ingl\u00e9s y espa\u00f1ol a estudiantes de cualquier edad y nivel.<br \/>Sabemos c\u00f3mo ayudarte a hablar con soltura y a mejorar r\u00e1pidamente tu expresi\u00f3n oral, comprehensi\u00f3n, lectura y escritura.<br \/>Adem\u00e1s, somos especialistas en ex\u00e1menes de Cambridge, por lo que estar\u00e1s en manos expertas en cada etapa. Ya sea para aprobar un examen, mudarte al extranjero o impulsar tu carrera, en Speakeasy estamos aqu\u00ed para ayudarte.<\/p>\t\t\t\t\t\t\t\t<\/div>\n\t\t\t\t<\/div>\n\t\t<div class=\"elementor-element elementor-element-f949606 e-con-full e-flex e-con e-child\" data-id=\"f949606\" data-element_type=\"container\" data-e-type=\"container\">\n\t\t<div class=\"elementor-element elementor-element-5ff9a3b e-con-full e-flex e-con e-child\" data-id=\"5ff9a3b\" data-element_type=\"container\" data-e-type=\"container\">\n\t\t\t\t<div class=\"elementor-element elementor-element-03bc7ae elementor-view-default elementor-widget elementor-widget-icon\" data-id=\"03bc7ae\" data-element_type=\"widget\" data-e-type=\"widget\" data-widget_type=\"icon.default\">\n\t\t\t\t\t\t\t<div class=\"elementor-icon-wrapper\">\n\t\t\t<div class=\"elementor-icon\">\n\t\t\t<svg xmlns=\"http:\/\/www.w3.org\/2000\/svg\" xmlns:xlink=\"http:\/\/www.w3.org\/1999\/xlink\" xmlns:svgjs=\"http:\/\/svgjs.dev\/svgjs\" id=\"_x31_5_Circle_Tool\" viewbox=\"0 0 512 512\" width=\"300\" height=\"300\"><g width=\"100%\" height=\"100%\" transform=\"matrix(1,0,0,1,0,0)\"><path d=\"m428.8 75.1c-46.2-48.4-107.6-75.1-172.8-75.1s-126.6 26.6-172.7 75.1c-46.1 48.3-71.5 112.5-71.5 180.9s25.4 132.6 71.4 180.9c46.2 48.4 107.7 75.1 172.8 75.1s126.6-26.6 172.7-75.1c46.1-48.4 71.4-112.5 71.4-180.9s-25.3-132.6-71.3-180.9z\" fill=\"#e6daf0\" fill-opacity=\"1\" data-original-color=\"#000000ff\" stroke=\"none\" stroke-opacity=\"1\"><\/path><\/g><\/svg>\t\t\t<\/div>\n\t\t<\/div>\n\t\t\t\t\t\t<\/div>\n\t\t\t\t<div class=\"elementor-element elementor-element-a6907bf elementor-widget elementor-widget-heading\" data-id=\"a6907bf\" data-element_type=\"widget\" data-e-type=\"widget\" data-widget_type=\"heading.default\">\n\t\t\t\t\t<h2 class=\"elementor-heading-title elementor-size-default\">Flexibilidad<\/h2>\t\t\t\t<\/div>\n\t\t\t\t<\/div>\n\t\t\t\t<div class=\"elementor-element elementor-element-b519630 elementor-widget elementor-widget-text-editor\" data-id=\"b519630\" data-element_type=\"widget\" data-e-type=\"widget\" data-widget_type=\"text-editor.default\">\n\t\t\t\t\t\t\t\t\t<p>En Speakeasy Idiomas apostamos por la flexibilidad.<br \/>Ofrecemos cursos de ingl\u00e9s y espa\u00f1ol que se adaptan a tu horario y ritmo : clases individuales, en pareja o en grupos reducidos de hasta seis alumnos.<br \/>Nuestros profesores ajustan cada sesi\u00f3n a tus objectivos y necesidades. Puedes asistir una vez por semana o a diario. En Speakeasy, tu curso se dise\u00f1a para ti.<\/p>\t\t\t\t\t\t\t\t<\/div>\n\t\t\t\t<\/div>\n\t\t<div class=\"elementor-element elementor-element-4cd928f e-con-full e-flex e-con e-child\" data-id=\"4cd928f\" data-element_type=\"container\" data-e-type=\"container\">\n\t\t<div class=\"elementor-element elementor-element-150edb1 e-con-full e-flex e-con e-child\" data-id=\"150edb1\" data-element_type=\"container\" data-e-type=\"container\">\n\t\t\t\t<div class=\"elementor-element elementor-element-e282d4a elementor-view-default elementor-widget elementor-widget-icon\" data-id=\"e282d4a\" data-element_type=\"widget\" data-e-type=\"widget\" data-widget_type=\"icon.default\">\n\t\t\t\t\t\t\t<div class=\"elementor-icon-wrapper\">\n\t\t\t<div class=\"elementor-icon\">\n\t\t\t<svg xmlns=\"http:\/\/www.w3.org\/2000\/svg\" xmlns:xlink=\"http:\/\/www.w3.org\/1999\/xlink\" xmlns:svgjs=\"http:\/\/svgjs.dev\/svgjs\" id=\"_x31_5_Circle_Tool\" viewbox=\"0 0 512 512\" width=\"300\" height=\"300\"><g width=\"100%\" height=\"100%\" transform=\"matrix(1,0,0,1,0,0)\"><path d=\"m428.8 75.1c-46.2-48.4-107.6-75.1-172.8-75.1s-126.6 26.6-172.7 75.1c-46.1 48.3-71.5 112.5-71.5 180.9s25.4 132.6 71.4 180.9c46.2 48.4 107.7 75.1 172.8 75.1s126.6-26.6 172.7-75.1c46.1-48.4 71.4-112.5 71.4-180.9s-25.3-132.6-71.3-180.9z\" fill=\"#e6daf0\" fill-opacity=\"1\" data-original-color=\"#000000ff\" stroke=\"none\" stroke-opacity=\"1\"><\/path><\/g><\/svg>\t\t\t<\/div>\n\t\t<\/div>\n\t\t\t\t\t\t<\/div>\n\t\t\t\t<div class=\"elementor-element elementor-element-4d34fd7 elementor-widget elementor-widget-heading\" data-id=\"4d34fd7\" data-element_type=\"widget\" data-e-type=\"widget\" data-widget_type=\"heading.default\">\n\t\t\t\t\t<h2 class=\"elementor-heading-title elementor-size-default\">\u00c9xito<\/h2>\t\t\t\t<\/div>\n\t\t\t\t<\/div>\n\t\t\t\t<div class=\"elementor-element elementor-element-b7c375b elementor-widget elementor-widget-text-editor\" data-id=\"b7c375b\" data-element_type=\"widget\" data-e-type=\"widget\" data-widget_type=\"text-editor.default\">\n\t\t\t\t\t\t\t\t\t<p>En Speakeasy Idiomas, tu \u00e9xito es nuestro \u00e9xito.<br \/>Medimos nuestros logros por tu progreso, confianza y satisfacci\u00f3n. En los \u00faltimos 15 a\u00f1os, hemos ayudado a cientos de estudiantes de Palma de Mallorca a alcanzar sus objetivos ling\u00fc\u00edsticos: desde aprobar los ex\u00e1menes oficiales de Cambridge hasta dominar el espa\u00f1ol o el ingl\u00e9s conversacional para la vida cotidiana.<br \/>Nuestro \u00edndice de aprobados es excepcional, y las historias de \u00e9xito de nuestros alumnos hablan por s\u00ed solas.<br \/>Sea cual sea tu objetivo - mejorar la fluidez, preparar ex\u00e1menes o aprender un nuevo idioma desde cero - Speakeasy Idiomas te ayudar\u00e1 a conseguirlo.<\/p>\t\t\t\t\t\t\t\t<\/div>\n\t\t\t\t<\/div>\n\t\t\t\t\t<\/div>\n\t\t\t\t<\/div>\n\t\t\t\t<\/div>","protected":false},"excerpt":{"rendered":"<p>Our goals At Speakeasy Idiomas in Palma de Mallorca, our mission is to create a relaxed, friendly, and motivating environment where students of all ages can learn English or Spanish with confidence.As a small, independent language centre, we pride ourselves on our family-like atmosphere \u2014 a place where everyone feels welcome and supported. Whether you\u2019re [&hellip;]<\/p>\n","protected":false},"author":2,"featured_media":0,"parent":0,"menu_order":0,"comment_status":"closed","ping_status":"closed","template":"elementor_header_footer","meta":{"footnotes":""},"class_list":["post-143","page","type-page","status-publish","hentry"],"_links":{"self":[{"href":"https:\/\/speakeasyidiomas.es\/es\/wp-json\/wp\/v2\/pages\/143","targetHints":{"allow":["GET"]}}],"collection":[{"href":"https:\/\/speakeasyidiomas.es\/es\/wp-json\/wp\/v2\/pages"}],"about":[{"href":"https:\/\/speakeasyidiomas.es\/es\/wp-json\/wp\/v2\/types\/page"}],"author":[{"embeddable":true,"href":"https:\/\/speakeasyidiomas.es\/es\/wp-json\/wp\/v2\/users\/2"}],"replies":[{"embeddable":true,"href":"https:\/\/speakeasyidiomas.es\/es\/wp-json\/wp\/v2\/comments?post=143"}],"version-history":[{"count":65,"href":"https:\/\/speakeasyidiomas.es\/es\/wp-json\/wp\/v2\/pages\/143\/revisions"}],"predecessor-version":[{"id":1333,"href":"https:\/\/speakeasyidiomas.es\/es\/wp-json\/wp\/v2\/pages\/143\/revisions\/1333"}],"wp:attachment":[{"href":"https:\/\/speakeasyidiomas.es\/es\/wp-json\/wp\/v2\/media?parent=143"}],"curies":[{"name":"wp","href":"https:\/\/api.w.org\/{rel}","templated":true}]}}