{"id":136,"date":"2025-10-31T15:31:15","date_gmt":"2025-10-31T14:31:15","guid":{"rendered":"https:\/\/speakeasyidiomas.es\/?page_id=136"},"modified":"2025-11-10T17:07:27","modified_gmt":"2025-11-10T16:07:27","slug":"estudios-en-el-reino-unido","status":"publish","type":"page","link":"https:\/\/speakeasyidiomas.es\/es\/estudios-en-el-reino-unido\/","title":{"rendered":"Estudios en el extranjero"},"content":{"rendered":"<div data-elementor-type=\"wp-page\" data-elementor-id=\"136\" class=\"elementor elementor-136\" data-elementor-post-type=\"page\">\n\t\t\t\t<div class=\"elementor-element elementor-element-2a4acc78 e-flex e-con-boxed e-con e-parent\" data-id=\"2a4acc78\" data-element_type=\"container\" data-e-type=\"container\" data-settings=\"{&quot;background_background&quot;:&quot;classic&quot;}\">\n\t\t\t\t\t<div class=\"e-con-inner\">\n\t\t<div class=\"elementor-element elementor-element-2b41d895 e-con-full e-flex e-con e-child\" data-id=\"2b41d895\" data-element_type=\"container\" data-e-type=\"container\" data-settings=\"{&quot;background_background&quot;:&quot;classic&quot;}\">\n\t\t\t\t<\/div>\n\t\t\t\t\t<\/div>\n\t\t\t\t<\/div>\n\t\t<div class=\"elementor-element elementor-element-f1eaaa1 e-flex e-con-boxed e-con e-parent\" data-id=\"f1eaaa1\" data-element_type=\"container\" data-e-type=\"container\">\n\t\t\t\t\t<div class=\"e-con-inner\">\n\t\t<div class=\"elementor-element elementor-element-6e9bdf7 e-con-full e-flex elementor-invisible e-con e-child\" data-id=\"6e9bdf7\" data-element_type=\"container\" data-e-type=\"container\" data-settings=\"{&quot;animation&quot;:&quot;slideInUp&quot;,&quot;animation_delay&quot;:&quot;100&quot;}\">\n\t\t\t\t<div class=\"elementor-element elementor-element-ffcdb4c elementor-widget elementor-widget-image\" data-id=\"ffcdb4c\" data-element_type=\"widget\" data-e-type=\"widget\" data-widget_type=\"image.default\">\n\t\t\t\t\t\t\t\t\t\t\t\t\t\t\t<img fetchpriority=\"high\" decoding=\"async\" width=\"800\" height=\"534\" src=\"https:\/\/speakeasyidiomas.es\/wp-content\/uploads\/2025\/11\/studiesUK-1024x684.jpg\" class=\"attachment-large size-large wp-image-280\" alt=\"estudiosUK\" srcset=\"https:\/\/speakeasyidiomas.es\/wp-content\/uploads\/2025\/11\/studiesUK-1024x684.jpg 1024w, https:\/\/speakeasyidiomas.es\/wp-content\/uploads\/2025\/11\/studiesUK-300x200.jpg 300w, https:\/\/speakeasyidiomas.es\/wp-content\/uploads\/2025\/11\/studiesUK-768x513.jpg 768w, https:\/\/speakeasyidiomas.es\/wp-content\/uploads\/2025\/11\/studiesUK-1536x1025.jpg 1536w, https:\/\/speakeasyidiomas.es\/wp-content\/uploads\/2025\/11\/studiesUK-18x12.jpg 18w, https:\/\/speakeasyidiomas.es\/wp-content\/uploads\/2025\/11\/studiesUK.jpg 2000w\" sizes=\"(max-width: 800px) 100vw, 800px\" \/>\t\t\t\t\t\t\t\t\t\t\t\t\t\t\t<\/div>\n\t\t\t\t<\/div>\n\t\t<div class=\"elementor-element elementor-element-4703827 e-con-full e-flex elementor-invisible e-con e-child\" data-id=\"4703827\" data-element_type=\"container\" data-e-type=\"container\" data-settings=\"{&quot;animation&quot;:&quot;slideInUp&quot;}\">\n\t\t<div class=\"elementor-element elementor-element-d4776a2 e-con-full e-flex e-con e-child\" data-id=\"d4776a2\" data-element_type=\"container\" data-e-type=\"container\">\n\t\t<div class=\"elementor-element elementor-element-842b782 e-con-full e-flex e-con e-child\" data-id=\"842b782\" data-element_type=\"container\" data-e-type=\"container\">\n\t\t\t\t<div class=\"elementor-element elementor-element-97bc5a1 elementor-widget__width-auto elementor-widget elementor-widget-image\" data-id=\"97bc5a1\" data-element_type=\"widget\" data-e-type=\"widget\" data-widget_type=\"image.default\">\n\t\t\t\t\t\t\t\t\t\t\t\t\t\t\t<img decoding=\"async\" width=\"64\" height=\"64\" src=\"https:\/\/speakeasyidiomas.es\/wp-content\/uploads\/2025\/11\/icono-course.png\" class=\"attachment-full size-full wp-image-293\" alt=\"curso icono\" srcset=\"https:\/\/speakeasyidiomas.es\/wp-content\/uploads\/2025\/11\/icono-course.png 64w, https:\/\/speakeasyidiomas.es\/wp-content\/uploads\/2025\/11\/icono-course-12x12.png 12w\" sizes=\"(max-width: 64px) 100vw, 64px\" \/>\t\t\t\t\t\t\t\t\t\t\t\t\t\t\t<\/div>\n\t\t\t\t<div class=\"elementor-element elementor-element-14aed34 elementor-widget__width-auto elementor-widget elementor-widget-heading\" data-id=\"14aed34\" data-element_type=\"widget\" data-e-type=\"widget\" data-widget_type=\"heading.default\">\n\t\t\t\t\t<span class=\"elementor-heading-title elementor-size-default\">Estudios en el extranjero<\/span>\t\t\t\t<\/div>\n\t\t\t\t<\/div>\n\t\t\t\t<\/div>\n\t\t\t\t<div class=\"elementor-element elementor-element-c734c1c elementor-widget elementor-widget-heading\" data-id=\"c734c1c\" data-element_type=\"widget\" data-e-type=\"widget\" data-widget_type=\"heading.default\">\n\t\t\t\t\t<h2 class=\"elementor-heading-title elementor-size-default\">Cursos de idiomas en el extranjero<\/h2>\t\t\t\t<\/div>\n\t\t\t\t<div class=\"elementor-element elementor-element-fac44c5 elementor-widget elementor-widget-text-editor\" data-id=\"fac44c5\" data-element_type=\"widget\" data-e-type=\"widget\" data-widget_type=\"text-editor.default\">\n\t\t\t\t\t\t\t\t\t<p><strong>Speakeasy Idiomas<\/strong> colabora con diversas academias, campamentos de verano y programas de formaci\u00f3n en todo el Reino Unido e Irlanda. Desde golf y vela hasta m\u00fasica, podemos organizar la experiencia perfecta para ti.<\/p><p>Nuestro programa de ingl\u00e9s para adolescentes m\u00e1s popular est\u00e1 en el <strong>Irish College of English (ICE)<\/strong> - una escuela de ingl\u00e9s independiente fundada en 1992. El centro principal est\u00e1 situado en el pueblo costero de Malahide.<\/p>\t\t\t\t\t\t\t\t<\/div>\n\t\t\t\t<\/div>\n\t\t\t\t\t<\/div>\n\t\t\t\t<\/div>\n\t\t<div class=\"elementor-element elementor-element-97323c2 e-flex e-con-boxed e-con e-parent\" data-id=\"97323c2\" data-element_type=\"container\" data-e-type=\"container\">\n\t\t\t\t\t<div class=\"e-con-inner\">\n\t\t<div class=\"elementor-element elementor-element-e41223b e-con-full e-flex elementor-invisible e-con e-child\" data-id=\"e41223b\" data-element_type=\"container\" data-e-type=\"container\" data-settings=\"{&quot;animation&quot;:&quot;slideInUp&quot;}\">\n\t\t<div class=\"elementor-element elementor-element-a1deab2 e-con-full e-flex e-con e-child\" data-id=\"a1deab2\" data-element_type=\"container\" data-e-type=\"container\">\n\t\t\t\t<div class=\"elementor-element elementor-element-471d0be elementor-widget__width-auto elementor-widget elementor-widget-image\" data-id=\"471d0be\" data-element_type=\"widget\" data-e-type=\"widget\" data-widget_type=\"image.default\">\n\t\t\t\t\t\t\t\t\t\t\t\t\t\t\t<img decoding=\"async\" width=\"64\" height=\"64\" src=\"https:\/\/speakeasyidiomas.es\/wp-content\/uploads\/2025\/11\/icono-course.png\" class=\"attachment-full size-full wp-image-293\" alt=\"curso icono\" srcset=\"https:\/\/speakeasyidiomas.es\/wp-content\/uploads\/2025\/11\/icono-course.png 64w, https:\/\/speakeasyidiomas.es\/wp-content\/uploads\/2025\/11\/icono-course-12x12.png 12w\" sizes=\"(max-width: 64px) 100vw, 64px\" \/>\t\t\t\t\t\t\t\t\t\t\t\t\t\t\t<\/div>\n\t\t\t\t<div class=\"elementor-element elementor-element-1e1075f elementor-widget__width-auto elementor-widget elementor-widget-heading\" data-id=\"1e1075f\" data-element_type=\"widget\" data-e-type=\"widget\" data-widget_type=\"heading.default\">\n\t\t\t\t\t<span class=\"elementor-heading-title elementor-size-default\">Estudios en el extranjero<\/span>\t\t\t\t<\/div>\n\t\t\t\t<\/div>\n\t\t\t\t<div class=\"elementor-element elementor-element-2173a39 elementor-widget elementor-widget-heading\" data-id=\"2173a39\" data-element_type=\"widget\" data-e-type=\"widget\" data-widget_type=\"heading.default\">\n\t\t\t\t\t<h2 class=\"elementor-heading-title elementor-size-default\">Su misi\u00f3n es ofrecer una ense\u00f1anza excepcional del ingl\u00e9s<\/h2>\t\t\t\t<\/div>\n\t\t\t\t<div class=\"elementor-element elementor-element-43ba81d elementor-widget elementor-widget-text-editor\" data-id=\"43ba81d\" data-element_type=\"widget\" data-e-type=\"widget\" data-widget_type=\"text-editor.default\">\n\t\t\t\t\t\t\t\t\t<p>En un entorno amistoso, acogedor y de apoyo en el que cada estudiante se siente valorado y capacitado para tener \u00e9xito. El ICE est\u00e1 reconocido por <strong>ACELS<\/strong>, un servicio de <strong>Quality and Qualifications Ireland (QQI)<\/strong>, y es miembro de <strong>English Education Ireland (EEI)<\/strong>, una organizaci\u00f3n que promueve la educaci\u00f3n de calidad en Irlanda y ofrece protecci\u00f3n a los alumnos. Cada a\u00f1o acoge a estudiantes de m\u00e1s de 30 pa\u00edses en sus programas para adultos y j\u00f3venes.<\/p><p>Desde hace diez a\u00f1os, <strong>Speakeasy Idiomas<\/strong> ha enviado con \u00e9xito a estudiantes a Malahide para que disfruten de su <strong>programa de verano.<\/strong>Todas las familias de acogida viven a poca distancia del ICE, y la estancia en familia permite a los estudiantes sumergirse por completo en el idioma y la cultura, aprovechando al m\u00e1ximo su tiempo en Irlanda.<\/p><p>Los estudiantes se alojan con familias cuidadosamente seleccionadas, que les ofrecen un desayuno nutritivo, un almuerzo para llevar y una cena casera. Ademas de asistir por las ma\u00f1anas a clases de ingl\u00e9s divertidas y din\u00e1micas, por las tardes participan en actividades organizadas. Los s\u00e1bados, disfrutan de excursiones a lugares de inter\u00e9s cercanos, como el zool\u00f3gico de Dubl\u00edn, la ciudad medieval de Kilkenny o los paisajes naturales de los lagos de Glendalough.<\/p>\t\t\t\t\t\t\t\t<\/div>\n\t\t\t\t<\/div>\n\t\t<div class=\"elementor-element elementor-element-6b8d3db e-con-full e-flex elementor-invisible e-con e-child\" data-id=\"6b8d3db\" data-element_type=\"container\" data-e-type=\"container\" data-settings=\"{&quot;animation&quot;:&quot;slideInUp&quot;,&quot;animation_delay&quot;:&quot;100&quot;}\">\n\t\t\t\t<div class=\"elementor-element elementor-element-c887caa elementor-widget elementor-widget-image\" data-id=\"c887caa\" data-element_type=\"widget\" data-e-type=\"widget\" data-widget_type=\"image.default\">\n\t\t\t\t\t\t\t\t\t\t\t\t\t\t\t<img decoding=\"async\" width=\"800\" height=\"534\" src=\"https:\/\/speakeasyidiomas.es\/wp-content\/uploads\/2025\/11\/Zoo_-1024x683.jpg\" class=\"attachment-large size-large wp-image-650\" alt=\"Zoo\" srcset=\"https:\/\/speakeasyidiomas.es\/wp-content\/uploads\/2025\/11\/Zoo_-1024x683.jpg 1024w, https:\/\/speakeasyidiomas.es\/wp-content\/uploads\/2025\/11\/Zoo_-300x200.jpg 300w, https:\/\/speakeasyidiomas.es\/wp-content\/uploads\/2025\/11\/Zoo_-768x512.jpg 768w, https:\/\/speakeasyidiomas.es\/wp-content\/uploads\/2025\/11\/Zoo_-18x12.jpg 18w, https:\/\/speakeasyidiomas.es\/wp-content\/uploads\/2025\/11\/Zoo_.jpg 1500w\" sizes=\"(max-width: 800px) 100vw, 800px\" \/>\t\t\t\t\t\t\t\t\t\t\t\t\t\t\t<\/div>\n\t\t\t\t<\/div>\n\t\t\t\t\t<\/div>\n\t\t\t\t<\/div>\n\t\t<div class=\"elementor-element elementor-element-a638ceb e-flex e-con-boxed e-con e-parent\" data-id=\"a638ceb\" data-element_type=\"container\" data-e-type=\"container\">\n\t\t\t\t\t<div class=\"e-con-inner\">\n\t\t<div class=\"elementor-element elementor-element-67083ba e-con-full e-flex elementor-invisible e-con e-child\" data-id=\"67083ba\" data-element_type=\"container\" data-e-type=\"container\" data-settings=\"{&quot;animation&quot;:&quot;slideInUp&quot;}\">\n\t\t\t\t<div class=\"elementor-element elementor-element-6847406 elementor-widget__width-initial elementor-widget elementor-widget-text-editor\" data-id=\"6847406\" data-element_type=\"widget\" data-e-type=\"widget\" data-widget_type=\"text-editor.default\">\n\t\t\t\t\t\t\t\t\t<p>El ICE tambi\u00e9n ofrece estancias en familia combinadas con actividades de vela o equitaci\u00f3n, ideales para aquellos estudiantes que desean complementar el aprendizaje del ingl\u00e9s con una experiencia m\u00e1s aventurera. Adem\u00e1s, el centro dispone de cursos espec\u00edficos de preparaci\u00f3n para los ex\u00e1menes de Cambridge. <strong>navegar<\/strong> o <strong>equitaci\u00f3n<\/strong> para los estudiantes que deseen combinar el aprendizaje de la lengua inglesa con algo m\u00e1s aventurero. Adem\u00e1s, el ICE ofrece <strong>cursos de preparaci\u00f3n para los ex\u00e1menes de Cambridge English.<\/strong><\/p>\t\t\t\t\t\t\t\t<\/div>\n\t\t<div class=\"elementor-element elementor-element-3fa657f e-con-full e-flex e-con e-child\" data-id=\"3fa657f\" data-element_type=\"container\" data-e-type=\"container\">\n\t\t<div class=\"elementor-element elementor-element-f81d008 e-con-full e-flex elementor-invisible e-con e-child\" data-id=\"f81d008\" data-element_type=\"container\" data-e-type=\"container\" data-settings=\"{&quot;background_background&quot;:&quot;classic&quot;,&quot;animation&quot;:&quot;slideInUp&quot;,&quot;animation_delay&quot;:&quot;100&quot;}\">\n\t\t<div class=\"elementor-element elementor-element-55b9a84 e-con-full e-flex e-con e-child\" data-id=\"55b9a84\" data-element_type=\"container\" data-e-type=\"container\" data-settings=\"{&quot;background_background&quot;:&quot;classic&quot;}\">\n\t\t\t\t<div class=\"elementor-element elementor-element-abcff60 elementor-widget elementor-widget-image\" data-id=\"abcff60\" data-element_type=\"widget\" data-e-type=\"widget\" data-widget_type=\"image.default\">\n\t\t\t\t\t\t\t\t\t\t\t\t\t\t\t<img loading=\"lazy\" decoding=\"async\" width=\"300\" height=\"300\" src=\"https:\/\/speakeasyidiomas.es\/wp-content\/uploads\/2025\/11\/travel.svg\" class=\"attachment-large size-large wp-image-669\" alt=\"viajar\" \/>\t\t\t\t\t\t\t\t\t\t\t\t\t\t\t<\/div>\n\t\t\t\t<\/div>\n\t\t<div class=\"elementor-element elementor-element-6b40d32 e-flex e-con-boxed e-con e-child\" data-id=\"6b40d32\" data-element_type=\"container\" data-e-type=\"container\">\n\t\t\t\t\t<div class=\"e-con-inner\">\n\t\t\t\t<div class=\"elementor-element elementor-element-0c617b9 elementor-widget elementor-widget-heading\" data-id=\"0c617b9\" data-element_type=\"widget\" data-e-type=\"widget\" data-widget_type=\"heading.default\">\n\t\t\t\t\t<h3 class=\"elementor-heading-title elementor-size-default\">Ingl\u00e9s + Vela<\/h3>\t\t\t\t<\/div>\n\t\t\t\t<div class=\"elementor-element elementor-element-09f6f0d elementor-widget elementor-widget-text-editor\" data-id=\"09f6f0d\" data-element_type=\"widget\" data-e-type=\"widget\" data-widget_type=\"text-editor.default\">\n\t\t\t\t\t\t\t\t\t<p>Aprenda ingl\u00e9s mientras disfruta de emocionantes clases de vela en la costa irlandesa.<\/p>\t\t\t\t\t\t\t\t<\/div>\n\t\t\t\t\t<\/div>\n\t\t\t\t<\/div>\n\t\t\t\t<\/div>\n\t\t<div class=\"elementor-element elementor-element-cb5749b e-con-full e-flex elementor-invisible e-con e-child\" data-id=\"cb5749b\" data-element_type=\"container\" data-e-type=\"container\" data-settings=\"{&quot;background_background&quot;:&quot;classic&quot;,&quot;animation&quot;:&quot;slideInUp&quot;,&quot;animation_delay&quot;:&quot;100&quot;}\">\n\t\t<div class=\"elementor-element elementor-element-c2a4af3 e-con-full e-flex e-con e-child\" data-id=\"c2a4af3\" data-element_type=\"container\" data-e-type=\"container\" data-settings=\"{&quot;background_background&quot;:&quot;classic&quot;}\">\n\t\t\t\t<div class=\"elementor-element elementor-element-a4bc2b5 elementor-widget elementor-widget-image\" data-id=\"a4bc2b5\" data-element_type=\"widget\" data-e-type=\"widget\" data-widget_type=\"image.default\">\n\t\t\t\t\t\t\t\t\t\t\t\t\t\t\t<img loading=\"lazy\" decoding=\"async\" width=\"300\" height=\"300\" src=\"https:\/\/speakeasyidiomas.es\/wp-content\/uploads\/2025\/11\/horseback.svg\" class=\"attachment-large size-large wp-image-670\" alt=\"a caballo\" \/>\t\t\t\t\t\t\t\t\t\t\t\t\t\t\t<\/div>\n\t\t\t\t<\/div>\n\t\t<div class=\"elementor-element elementor-element-f6a53f2 e-flex e-con-boxed e-con e-child\" data-id=\"f6a53f2\" data-element_type=\"container\" data-e-type=\"container\">\n\t\t\t\t\t<div class=\"e-con-inner\">\n\t\t\t\t<div class=\"elementor-element elementor-element-e271c96 elementor-widget elementor-widget-heading\" data-id=\"e271c96\" data-element_type=\"widget\" data-e-type=\"widget\" data-widget_type=\"heading.default\">\n\t\t\t\t\t<h3 class=\"elementor-heading-title elementor-size-default\">Ingl\u00e9s + Equitaci\u00f3n<\/h3>\t\t\t\t<\/div>\n\t\t\t\t<div class=\"elementor-element elementor-element-c41bfda elementor-widget elementor-widget-text-editor\" data-id=\"c41bfda\" data-element_type=\"widget\" data-e-type=\"widget\" data-widget_type=\"text-editor.default\">\n\t\t\t\t\t\t\t\t\t<p>Combina tu aprendizaje del ingl\u00e9s con aventuras a caballo en bellos paisajes.<\/p>\t\t\t\t\t\t\t\t<\/div>\n\t\t\t\t\t<\/div>\n\t\t\t\t<\/div>\n\t\t\t\t<\/div>\n\t\t<div class=\"elementor-element elementor-element-2f84199 e-con-full e-flex elementor-invisible e-con e-child\" data-id=\"2f84199\" data-element_type=\"container\" data-e-type=\"container\" data-settings=\"{&quot;background_background&quot;:&quot;classic&quot;,&quot;animation&quot;:&quot;slideInUp&quot;,&quot;animation_delay&quot;:&quot;100&quot;}\">\n\t\t<div class=\"elementor-element elementor-element-a296f82 e-con-full e-flex e-con e-child\" data-id=\"a296f82\" data-element_type=\"container\" data-e-type=\"container\" data-settings=\"{&quot;background_background&quot;:&quot;classic&quot;}\">\n\t\t\t\t<div class=\"elementor-element elementor-element-737e65f elementor-widget elementor-widget-image\" data-id=\"737e65f\" data-element_type=\"widget\" data-e-type=\"widget\" data-widget_type=\"image.default\">\n\t\t\t\t\t\t\t\t\t\t\t\t\t\t\t<img loading=\"lazy\" decoding=\"async\" width=\"300\" height=\"300\" src=\"https:\/\/speakeasyidiomas.es\/wp-content\/uploads\/2025\/11\/graduation-diploma.svg\" class=\"attachment-large size-large wp-image-468\" alt=\"diploma de graduaci\u00f3n\" \/>\t\t\t\t\t\t\t\t\t\t\t\t\t\t\t<\/div>\n\t\t\t\t<\/div>\n\t\t<div class=\"elementor-element elementor-element-48a5973 e-flex e-con-boxed e-con e-child\" data-id=\"48a5973\" data-element_type=\"container\" data-e-type=\"container\">\n\t\t\t\t\t<div class=\"e-con-inner\">\n\t\t\t\t<div class=\"elementor-element elementor-element-90dd315 elementor-widget elementor-widget-heading\" data-id=\"90dd315\" data-element_type=\"widget\" data-e-type=\"widget\" data-widget_type=\"heading.default\">\n\t\t\t\t\t<h3 class=\"elementor-heading-title elementor-size-default\">Preparaci\u00f3n para los ex\u00e1menes de Cambridge<\/h3>\t\t\t\t<\/div>\n\t\t\t\t<div class=\"elementor-element elementor-element-5ae80f0 elementor-widget elementor-widget-text-editor\" data-id=\"5ae80f0\" data-element_type=\"widget\" data-e-type=\"widget\" data-widget_type=\"text-editor.default\">\n\t\t\t\t\t\t\t\t\t<p>Prep\u00e1rate para los ex\u00e1menes de Cambridge English, reconocidos internacionalmente, con profesores expertos.<\/p>\t\t\t\t\t\t\t\t<\/div>\n\t\t\t\t\t<\/div>\n\t\t\t\t<\/div>\n\t\t\t\t<\/div>\n\t\t\t\t<\/div>\n\t\t\t\t<\/div>\n\t\t\t\t\t<\/div>\n\t\t\t\t<\/div>\n\t\t<div class=\"elementor-element elementor-element-399bef11 e-flex e-con-boxed e-con e-parent\" data-id=\"399bef11\" data-element_type=\"container\" data-e-type=\"container\">\n\t\t\t\t\t<div class=\"e-con-inner\">\n\t\t<div class=\"elementor-element elementor-element-3ffb73ee e-con-full e-flex e-con e-child\" data-id=\"3ffb73ee\" data-element_type=\"container\" data-e-type=\"container\">\n\t\t<div class=\"elementor-element elementor-element-7515f9fc e-con-full e-flex e-con e-child\" data-id=\"7515f9fc\" data-element_type=\"container\" data-e-type=\"container\">\n\t\t<div class=\"elementor-element elementor-element-6f15c84b e-con-full e-flex elementor-invisible e-con e-child\" data-id=\"6f15c84b\" data-element_type=\"container\" data-e-type=\"container\" data-settings=\"{&quot;animation&quot;:&quot;slideInUp&quot;,&quot;animation_delay&quot;:&quot;100&quot;}\">\n\t\t\t\t<div class=\"elementor-element elementor-element-733d6992 elementor-widget elementor-widget-image\" data-id=\"733d6992\" data-element_type=\"widget\" data-e-type=\"widget\" data-widget_type=\"image.default\">\n\t\t\t\t\t\t\t\t\t\t\t\t\t\t\t<img loading=\"lazy\" decoding=\"async\" width=\"2000\" height=\"1333\" src=\"https:\/\/speakeasyidiomas.es\/wp-content\/uploads\/2025\/11\/Irish-College-of-English-Malahide.avif\" class=\"attachment-full size-full wp-image-645\" alt=\"Colegio Irland\u00e9s de Ingl\u00e9s Malahide\" srcset=\"https:\/\/speakeasyidiomas.es\/wp-content\/uploads\/2025\/11\/Irish-College-of-English-Malahide.avif 2000w, https:\/\/speakeasyidiomas.es\/wp-content\/uploads\/2025\/11\/Irish-College-of-English-Malahide-300x200.jpg 300w, https:\/\/speakeasyidiomas.es\/wp-content\/uploads\/2025\/11\/Irish-College-of-English-Malahide-1024x682.jpg 1024w, https:\/\/speakeasyidiomas.es\/wp-content\/uploads\/2025\/11\/Irish-College-of-English-Malahide-768x512.jpg 768w, https:\/\/speakeasyidiomas.es\/wp-content\/uploads\/2025\/11\/Irish-College-of-English-Malahide-1536x1024.jpg 1536w, https:\/\/speakeasyidiomas.es\/wp-content\/uploads\/2025\/11\/Irish-College-of-English-Malahide-18x12.jpg 18w\" sizes=\"(max-width: 2000px) 100vw, 2000px\" \/>\t\t\t\t\t\t\t\t\t\t\t\t\t\t\t<\/div>\n\t\t\t\t<\/div>\n\t\t\t\t<\/div>\n\t\t<div class=\"elementor-element elementor-element-3995d3db e-con-full e-flex e-con e-child\" data-id=\"3995d3db\" data-element_type=\"container\" data-e-type=\"container\">\n\t\t<div class=\"elementor-element elementor-element-498dd102 elementor-hidden-mobile e-con-full e-flex e-con e-child\" data-id=\"498dd102\" data-element_type=\"container\" data-e-type=\"container\">\n\t\t\t\t<\/div>\n\t\t<div class=\"elementor-element elementor-element-1c726e41 e-con-full e-flex e-con e-child\" data-id=\"1c726e41\" data-element_type=\"container\" data-e-type=\"container\" data-settings=\"{&quot;background_background&quot;:&quot;classic&quot;}\">\n\t\t\t\t<div class=\"elementor-element elementor-element-2a758289 elementor-widget elementor-widget-heading\" data-id=\"2a758289\" data-element_type=\"widget\" data-e-type=\"widget\" data-widget_type=\"heading.default\">\n\t\t\t\t\t<span class=\"elementor-heading-title elementor-size-default\">Contacta con nosotros para organizar tu estancia en  el extranjero para ti o tus hijos.<\/span>\t\t\t\t<\/div>\n\t\t<div class=\"elementor-element elementor-element-38c7dc89 e-flex e-con-boxed e-con e-child\" data-id=\"38c7dc89\" data-element_type=\"container\" data-e-type=\"container\">\n\t\t\t\t\t<div class=\"e-con-inner\">\n\t\t\t\t<div class=\"elementor-element elementor-element-4a6dc5 elementor-widget__width-auto elementor-invisible elementor-widget elementor-widget-button\" data-id=\"4a6dc5\" data-element_type=\"widget\" data-e-type=\"widget\" data-settings=\"{&quot;_animation&quot;:&quot;fadeInUp&quot;}\" data-widget_type=\"button.default\">\n\t\t\t\t\t\t\t\t\t\t<a class=\"elementor-button elementor-button-link elementor-size-lg elementor-animation-float\" href=\"https:\/\/speakeasyidiomas.es\/es\/contacto\/\">\n\t\t\t\t\t\t<span class=\"elementor-button-content-wrapper\">\n\t\t\t\t\t\t\t\t\t<span class=\"elementor-button-text\">Contactar<\/span>\n\t\t\t\t\t<\/span>\n\t\t\t\t\t<\/a>\n\t\t\t\t\t\t\t\t<\/div>\n\t\t\t\t\t<\/div>\n\t\t\t\t<\/div>\n\t\t\t\t<\/div>\n\t\t\t\t<\/div>\n\t\t\t\t<\/div>\n\t\t\t\t\t<\/div>\n\t\t\t\t<\/div>\n\t\t\t\t<\/div>","protected":false},"excerpt":{"rendered":"<p>Studies in UK Language courses abroad Speakeasy Idiomas collaborates with a variety of academies, summer camps, and training programmes across the UK and Ireland. From golf and sailing to music, we can organize the perfect experience for you. Our most popular English programme for teenagers is at the Irish College of English (ICE) \u2014 an [&hellip;]<\/p>\n","protected":false},"author":2,"featured_media":0,"parent":0,"menu_order":0,"comment_status":"closed","ping_status":"closed","template":"","meta":{"footnotes":""},"class_list":["post-136","page","type-page","status-publish","hentry"],"_links":{"self":[{"href":"https:\/\/speakeasyidiomas.es\/es\/wp-json\/wp\/v2\/pages\/136","targetHints":{"allow":["GET"]}}],"collection":[{"href":"https:\/\/speakeasyidiomas.es\/es\/wp-json\/wp\/v2\/pages"}],"about":[{"href":"https:\/\/speakeasyidiomas.es\/es\/wp-json\/wp\/v2\/types\/page"}],"author":[{"embeddable":true,"href":"https:\/\/speakeasyidiomas.es\/es\/wp-json\/wp\/v2\/users\/2"}],"replies":[{"embeddable":true,"href":"https:\/\/speakeasyidiomas.es\/es\/wp-json\/wp\/v2\/comments?post=136"}],"version-history":[{"count":65,"href":"https:\/\/speakeasyidiomas.es\/es\/wp-json\/wp\/v2\/pages\/136\/revisions"}],"predecessor-version":[{"id":1240,"href":"https:\/\/speakeasyidiomas.es\/es\/wp-json\/wp\/v2\/pages\/136\/revisions\/1240"}],"wp:attachment":[{"href":"https:\/\/speakeasyidiomas.es\/es\/wp-json\/wp\/v2\/media?parent=136"}],"curies":[{"name":"wp","href":"https:\/\/api.w.org\/{rel}","templated":true}]}}