{"id":134,"date":"2025-10-31T15:31:04","date_gmt":"2025-10-31T14:31:04","guid":{"rendered":"https:\/\/speakeasyidiomas.es\/?page_id=134"},"modified":"2025-11-21T13:40:39","modified_gmt":"2025-11-21T12:40:39","slug":"cursos-de-ingles","status":"publish","type":"page","link":"https:\/\/speakeasyidiomas.es\/es\/cursos-de-ingles\/","title":{"rendered":"Cursos"},"content":{"rendered":"<div data-elementor-type=\"wp-page\" data-elementor-id=\"134\" class=\"elementor elementor-134\" data-elementor-post-type=\"page\">\n\t\t\t\t<div class=\"elementor-element elementor-element-526c2325 e-flex e-con-boxed e-con e-parent\" data-id=\"526c2325\" data-element_type=\"container\" data-e-type=\"container\" data-settings=\"{&quot;background_background&quot;:&quot;classic&quot;}\">\n\t\t\t\t\t<div class=\"e-con-inner\">\n\t\t<div class=\"elementor-element elementor-element-1b91d81b e-con-full e-flex e-con e-child\" data-id=\"1b91d81b\" data-element_type=\"container\" data-e-type=\"container\" data-settings=\"{&quot;background_background&quot;:&quot;classic&quot;}\">\n\t\t\t\t<\/div>\n\t\t\t\t\t<\/div>\n\t\t\t\t<\/div>\n\t\t<div class=\"elementor-element elementor-element-509f6647 e-flex e-con-boxed e-con e-parent\" data-id=\"509f6647\" data-element_type=\"container\" data-e-type=\"container\" data-settings=\"{&quot;background_background&quot;:&quot;classic&quot;}\">\n\t\t\t\t\t<div class=\"e-con-inner\">\n\t\t<div class=\"elementor-element elementor-element-1c8d324a e-flex e-con-boxed e-con e-child\" data-id=\"1c8d324a\" data-element_type=\"container\" data-e-type=\"container\">\n\t\t\t\t\t<div class=\"e-con-inner\">\n\t\t\t\t<div class=\"elementor-element elementor-element-1bc2c0b elementor-widget__width-auto elementor-widget elementor-widget-image\" data-id=\"1bc2c0b\" data-element_type=\"widget\" data-e-type=\"widget\" data-widget_type=\"image.default\">\n\t\t\t\t\t\t\t\t\t\t\t\t\t\t\t<img decoding=\"async\" width=\"64\" height=\"64\" src=\"https:\/\/speakeasyidiomas.es\/wp-content\/uploads\/2025\/11\/icono-course.png\" class=\"attachment-full size-full wp-image-293\" alt=\"curso icono\" srcset=\"https:\/\/speakeasyidiomas.es\/wp-content\/uploads\/2025\/11\/icono-course.png 64w, https:\/\/speakeasyidiomas.es\/wp-content\/uploads\/2025\/11\/icono-course-12x12.png 12w\" sizes=\"(max-width: 64px) 100vw, 64px\" \/>\t\t\t\t\t\t\t\t\t\t\t\t\t\t\t<\/div>\n\t\t\t\t<div class=\"elementor-element elementor-element-1685f1a elementor-widget__width-auto elementor-widget elementor-widget-heading\" data-id=\"1685f1a\" data-element_type=\"widget\" data-e-type=\"widget\" data-widget_type=\"heading.default\">\n\t\t\t\t\t<span class=\"elementor-heading-title elementor-size-default\">cursos<\/span>\t\t\t\t<\/div>\n\t\t\t\t\t<\/div>\n\t\t\t\t<\/div>\n\t\t<div class=\"elementor-element elementor-element-19d9046 e-flex e-con-boxed elementor-invisible e-con e-child\" data-id=\"19d9046\" data-element_type=\"container\" data-e-type=\"container\" data-settings=\"{&quot;animation&quot;:&quot;slideInUp&quot;}\">\n\t\t\t\t\t<div class=\"e-con-inner\">\n\t\t\t\t<div class=\"elementor-element elementor-element-5a29fcde elementor-widget elementor-widget-heading\" data-id=\"5a29fcde\" data-element_type=\"widget\" data-e-type=\"widget\" data-widget_type=\"heading.default\">\n\t\t\t\t\t<h2 class=\"elementor-heading-title elementor-size-default\">Nuestros cursos<\/h2>\t\t\t\t<\/div>\n\t\t\t\t<div class=\"elementor-element elementor-element-3de5c9d elementor-widget__width-initial elementor-widget elementor-widget-heading\" data-id=\"3de5c9d\" data-element_type=\"widget\" data-e-type=\"widget\" data-widget_type=\"heading.default\">\n\t\t\t\t\t<p class=\"elementor-heading-title elementor-size-default\">Tenemos cursos presenciales y en l\u00ednea para todos.<\/p>\t\t\t\t<\/div>\n\t\t<div class=\"elementor-element elementor-element-b521457 e-grid e-con-full e-con e-child\" data-id=\"b521457\" data-element_type=\"container\" data-e-type=\"container\">\n\t\t<div class=\"elementor-element elementor-element-7bc2b23 e-con-full e-flex e-con e-child\" data-id=\"7bc2b23\" data-element_type=\"container\" data-e-type=\"container\" data-settings=\"{&quot;background_background&quot;:&quot;classic&quot;}\">\n\t\t<div class=\"elementor-element elementor-element-87ec737 e-con-full e-flex e-con e-child\" data-id=\"87ec737\" data-element_type=\"container\" data-e-type=\"container\">\n\t\t\t\t<div class=\"elementor-element elementor-element-9811b46 elementor-widget elementor-widget-image\" data-id=\"9811b46\" data-element_type=\"widget\" data-e-type=\"widget\" data-widget_type=\"image.default\">\n\t\t\t\t\t\t\t\t\t\t\t\t\t\t\t<img fetchpriority=\"high\" decoding=\"async\" width=\"800\" height=\"534\" src=\"https:\/\/speakeasyidiomas.es\/wp-content\/uploads\/2025\/11\/English-courses-for-companies.jpg\" class=\"attachment-large size-large wp-image-487\" alt=\"Cursos de ingl\u00e9s para empresas\" srcset=\"https:\/\/speakeasyidiomas.es\/wp-content\/uploads\/2025\/11\/English-courses-for-companies.jpg 1000w, https:\/\/speakeasyidiomas.es\/wp-content\/uploads\/2025\/11\/English-courses-for-companies-300x200.jpg 300w, https:\/\/speakeasyidiomas.es\/wp-content\/uploads\/2025\/11\/English-courses-for-companies-768x512.jpg 768w, https:\/\/speakeasyidiomas.es\/wp-content\/uploads\/2025\/11\/English-courses-for-companies-18x12.jpg 18w\" sizes=\"(max-width: 800px) 100vw, 800px\" \/>\t\t\t\t\t\t\t\t\t\t\t\t\t\t\t<\/div>\n\t\t\t\t<div class=\"elementor-element elementor-element-1a2e44d elementor-widget elementor-widget-heading\" data-id=\"1a2e44d\" data-element_type=\"widget\" data-e-type=\"widget\" data-widget_type=\"heading.default\">\n\t\t\t\t\t<h3 class=\"elementor-heading-title elementor-size-default\">Ingl\u00e9s comercial<\/h3>\t\t\t\t<\/div>\n\t\t\t\t<div class=\"elementor-element elementor-element-bdd9099 elementor-widget elementor-widget-text-editor\" data-id=\"bdd9099\" data-element_type=\"widget\" data-e-type=\"widget\" data-widget_type=\"text-editor.default\">\n\t\t\t\t\t\t\t\t\t<p>Mejora los conocimientos de ingl\u00e9s de tu empresa con cursos pr\u00e1cticos dise\u00f1ados para las necesidades de tu sector.<\/p>\t\t\t\t\t\t\t\t<\/div>\n\t\t\t\t<\/div>\n\t\t\t\t<div class=\"elementor-element elementor-element-9ad86e3 elementor-widget elementor-widget-button\" data-id=\"9ad86e3\" data-element_type=\"widget\" data-e-type=\"widget\" data-widget_type=\"button.default\">\n\t\t\t\t\t\t\t\t\t\t<a class=\"elementor-button elementor-button-link elementor-size-sm elementor-animation-float\" href=\"https:\/\/speakeasyidiomas.es\/es\/cursos-de-ingles\/ingles-comercial\/\">\n\t\t\t\t\t\t<span class=\"elementor-button-content-wrapper\">\n\t\t\t\t\t\t<span class=\"elementor-button-icon\">\n\t\t\t\t<svg aria-hidden=\"true\" class=\"e-font-icon-svg e-fas-angle-right\" viewbox=\"0 0 256 512\" xmlns=\"http:\/\/www.w3.org\/2000\/svg\"><path d=\"M224.3 273l-136 136c-9.4 9.4-24.6 9.4-33.9 0l-22.6-22.6c-9.4-9.4-9.4-24.6 0-33.9l96.4-96.4-96.4-96.4c-9.4-9.4-9.4-24.6 0-33.9L54.3 103c9.4-9.4 24.6-9.4 33.9 0l136 136c9.5 9.4 9.5 24.6.1 34z\"><\/path><\/svg>\t\t\t<\/span>\n\t\t\t\t\t\t\t\t\t<span class=\"elementor-button-text\">saber m\u00e1s<\/span>\n\t\t\t\t\t<\/span>\n\t\t\t\t\t<\/a>\n\t\t\t\t\t\t\t\t<\/div>\n\t\t\t\t<\/div>\n\t\t<div class=\"elementor-element elementor-element-ea26fd1 e-con-full e-flex e-con e-child\" data-id=\"ea26fd1\" data-element_type=\"container\" data-e-type=\"container\" data-settings=\"{&quot;background_background&quot;:&quot;classic&quot;}\">\n\t\t<div class=\"elementor-element elementor-element-8d58944 e-con-full e-flex e-con e-child\" data-id=\"8d58944\" data-element_type=\"container\" data-e-type=\"container\">\n\t\t\t\t<div class=\"elementor-element elementor-element-5838e67 elementor-widget elementor-widget-image\" data-id=\"5838e67\" data-element_type=\"widget\" data-e-type=\"widget\" data-widget_type=\"image.default\">\n\t\t\t\t\t\t\t\t\t\t\t\t\t\t\t<img decoding=\"async\" width=\"800\" height=\"534\" src=\"https:\/\/speakeasyidiomas.es\/wp-content\/uploads\/2025\/11\/contact-course-kids-1024x683.jpg\" class=\"attachment-large size-large wp-image-1088\" alt=\"contacto curso ni\u00f1os\" srcset=\"https:\/\/speakeasyidiomas.es\/wp-content\/uploads\/2025\/11\/contact-course-kids-1024x683.jpg 1024w, https:\/\/speakeasyidiomas.es\/wp-content\/uploads\/2025\/11\/contact-course-kids-300x200.jpg 300w, https:\/\/speakeasyidiomas.es\/wp-content\/uploads\/2025\/11\/contact-course-kids-768x512.jpg 768w, https:\/\/speakeasyidiomas.es\/wp-content\/uploads\/2025\/11\/contact-course-kids-18x12.jpg 18w, https:\/\/speakeasyidiomas.es\/wp-content\/uploads\/2025\/11\/contact-course-kids.jpg 1500w\" sizes=\"(max-width: 800px) 100vw, 800px\" \/>\t\t\t\t\t\t\t\t\t\t\t\t\t\t\t<\/div>\n\t\t\t\t<div class=\"elementor-element elementor-element-7231738 elementor-widget elementor-widget-heading\" data-id=\"7231738\" data-element_type=\"widget\" data-e-type=\"widget\" data-widget_type=\"heading.default\">\n\t\t\t\t\t<h3 class=\"elementor-heading-title elementor-size-default\">Ingl\u00e9s para ni\u00f1os<\/h3>\t\t\t\t<\/div>\n\t\t\t\t<div class=\"elementor-element elementor-element-fa35110 elementor-widget elementor-widget-text-editor\" data-id=\"fa35110\" data-element_type=\"widget\" data-e-type=\"widget\" data-widget_type=\"text-editor.default\">\n\t\t\t\t\t\t\t\t\t<p>\u00a1Empieza a aprender ingl\u00e9s pronto! Ofrecemos clases de ingl\u00e9s divertidas y din\u00e1micas para ni\u00f1os a partir de 5 a\u00f1os.<\/p>\t\t\t\t\t\t\t\t<\/div>\n\t\t\t\t<\/div>\n\t\t\t\t<div class=\"elementor-element elementor-element-3b7b164 elementor-widget elementor-widget-button\" data-id=\"3b7b164\" data-element_type=\"widget\" data-e-type=\"widget\" data-widget_type=\"button.default\">\n\t\t\t\t\t\t\t\t\t\t<a class=\"elementor-button elementor-button-link elementor-size-sm elementor-animation-float\" href=\"https:\/\/speakeasyidiomas.es\/es\/cursos-de-ingles\/ingles-para-ninos\/\">\n\t\t\t\t\t\t<span class=\"elementor-button-content-wrapper\">\n\t\t\t\t\t\t<span class=\"elementor-button-icon\">\n\t\t\t\t<svg aria-hidden=\"true\" class=\"e-font-icon-svg e-fas-angle-right\" viewbox=\"0 0 256 512\" xmlns=\"http:\/\/www.w3.org\/2000\/svg\"><path d=\"M224.3 273l-136 136c-9.4 9.4-24.6 9.4-33.9 0l-22.6-22.6c-9.4-9.4-9.4-24.6 0-33.9l96.4-96.4-96.4-96.4c-9.4-9.4-9.4-24.6 0-33.9L54.3 103c9.4-9.4 24.6-9.4 33.9 0l136 136c9.5 9.4 9.5 24.6.1 34z\"><\/path><\/svg>\t\t\t<\/span>\n\t\t\t\t\t\t\t\t\t<span class=\"elementor-button-text\">saber m\u00e1s<\/span>\n\t\t\t\t\t<\/span>\n\t\t\t\t\t<\/a>\n\t\t\t\t\t\t\t\t<\/div>\n\t\t\t\t<\/div>\n\t\t<div class=\"elementor-element elementor-element-7439bb0 e-con-full e-flex e-con e-child\" data-id=\"7439bb0\" data-element_type=\"container\" data-e-type=\"container\" data-settings=\"{&quot;background_background&quot;:&quot;classic&quot;}\">\n\t\t<div class=\"elementor-element elementor-element-118b254 e-con-full e-flex e-con e-child\" data-id=\"118b254\" data-element_type=\"container\" data-e-type=\"container\">\n\t\t\t\t<div class=\"elementor-element elementor-element-bc618fb elementor-widget elementor-widget-image\" data-id=\"bc618fb\" data-element_type=\"widget\" data-e-type=\"widget\" data-widget_type=\"image.default\">\n\t\t\t\t\t\t\t\t\t\t\t\t\t\t\t<img loading=\"lazy\" decoding=\"async\" width=\"800\" height=\"534\" src=\"https:\/\/speakeasyidiomas.es\/wp-content\/uploads\/2025\/11\/Exam-Preparation-Courses-1024x683.jpg\" class=\"attachment-large size-large wp-image-1212\" alt=\"Cursos de preparaci\u00f3n de ex\u00e1menes\" srcset=\"https:\/\/speakeasyidiomas.es\/wp-content\/uploads\/2025\/11\/Exam-Preparation-Courses-1024x683.jpg 1024w, https:\/\/speakeasyidiomas.es\/wp-content\/uploads\/2025\/11\/Exam-Preparation-Courses-300x200.jpg 300w, https:\/\/speakeasyidiomas.es\/wp-content\/uploads\/2025\/11\/Exam-Preparation-Courses-768x512.jpg 768w, https:\/\/speakeasyidiomas.es\/wp-content\/uploads\/2025\/11\/Exam-Preparation-Courses-18x12.jpg 18w, https:\/\/speakeasyidiomas.es\/wp-content\/uploads\/2025\/11\/Exam-Preparation-Courses.jpg 1500w\" sizes=\"(max-width: 800px) 100vw, 800px\" \/>\t\t\t\t\t\t\t\t\t\t\t\t\t\t\t<\/div>\n\t\t\t\t<div class=\"elementor-element elementor-element-b46cf0b elementor-widget elementor-widget-heading\" data-id=\"b46cf0b\" data-element_type=\"widget\" data-e-type=\"widget\" data-widget_type=\"heading.default\">\n\t\t\t\t\t<h3 class=\"elementor-heading-title elementor-size-default\">Cursos de preparaci\u00f3n de ex\u00e1menes<\/h3>\t\t\t\t<\/div>\n\t\t\t\t<div class=\"elementor-element elementor-element-e288c42 elementor-widget elementor-widget-text-editor\" data-id=\"e288c42\" data-element_type=\"widget\" data-e-type=\"widget\" data-widget_type=\"text-editor.default\">\n\t\t\t\t\t\t\t\t\t<p>\u00a1Te espera el \u00e9xito en el PET, FCE, CAE, IELTS o TOEFL!<\/p>\t\t\t\t\t\t\t\t<\/div>\n\t\t\t\t<\/div>\n\t\t\t\t<div class=\"elementor-element elementor-element-5f34c2d elementor-widget elementor-widget-button\" data-id=\"5f34c2d\" data-element_type=\"widget\" data-e-type=\"widget\" data-widget_type=\"button.default\">\n\t\t\t\t\t\t\t\t\t\t<a class=\"elementor-button elementor-button-link elementor-size-sm elementor-animation-float\" href=\"https:\/\/speakeasyidiomas.es\/es\/cursos-de-ingles\/clases-de-examen\/\">\n\t\t\t\t\t\t<span class=\"elementor-button-content-wrapper\">\n\t\t\t\t\t\t<span class=\"elementor-button-icon\">\n\t\t\t\t<svg aria-hidden=\"true\" class=\"e-font-icon-svg e-fas-angle-right\" viewbox=\"0 0 256 512\" xmlns=\"http:\/\/www.w3.org\/2000\/svg\"><path d=\"M224.3 273l-136 136c-9.4 9.4-24.6 9.4-33.9 0l-22.6-22.6c-9.4-9.4-9.4-24.6 0-33.9l96.4-96.4-96.4-96.4c-9.4-9.4-9.4-24.6 0-33.9L54.3 103c9.4-9.4 24.6-9.4 33.9 0l136 136c9.5 9.4 9.5 24.6.1 34z\"><\/path><\/svg>\t\t\t<\/span>\n\t\t\t\t\t\t\t\t\t<span class=\"elementor-button-text\">saber m\u00e1s<\/span>\n\t\t\t\t\t<\/span>\n\t\t\t\t\t<\/a>\n\t\t\t\t\t\t\t\t<\/div>\n\t\t\t\t<\/div>\n\t\t<div class=\"elementor-element elementor-element-f97d6ed e-con-full e-flex e-con e-child\" data-id=\"f97d6ed\" data-element_type=\"container\" data-e-type=\"container\" data-settings=\"{&quot;background_background&quot;:&quot;classic&quot;}\">\n\t\t<div class=\"elementor-element elementor-element-afc7a13 e-con-full e-flex e-con e-child\" data-id=\"afc7a13\" data-element_type=\"container\" data-e-type=\"container\">\n\t\t\t\t<div class=\"elementor-element elementor-element-ea2deb7 elementor-widget elementor-widget-image\" data-id=\"ea2deb7\" data-element_type=\"widget\" data-e-type=\"widget\" data-widget_type=\"image.default\">\n\t\t\t\t\t\t\t\t\t\t\t\t\t\t\t<img loading=\"lazy\" decoding=\"async\" width=\"800\" height=\"534\" src=\"https:\/\/speakeasyidiomas.es\/wp-content\/uploads\/2025\/11\/Adults-English-classes-1024x683.jpg\" class=\"attachment-large size-large wp-image-1150\" alt=\"Clases de ingl\u00e9s para adultos\" srcset=\"https:\/\/speakeasyidiomas.es\/wp-content\/uploads\/2025\/11\/Adults-English-classes-1024x683.jpg 1024w, https:\/\/speakeasyidiomas.es\/wp-content\/uploads\/2025\/11\/Adults-English-classes-300x200.jpg 300w, https:\/\/speakeasyidiomas.es\/wp-content\/uploads\/2025\/11\/Adults-English-classes-768x512.jpg 768w, https:\/\/speakeasyidiomas.es\/wp-content\/uploads\/2025\/11\/Adults-English-classes-18x12.jpg 18w, https:\/\/speakeasyidiomas.es\/wp-content\/uploads\/2025\/11\/Adults-English-classes.jpg 1500w\" sizes=\"(max-width: 800px) 100vw, 800px\" \/>\t\t\t\t\t\t\t\t\t\t\t\t\t\t\t<\/div>\n\t\t\t\t<div class=\"elementor-element elementor-element-0fdf031 elementor-widget elementor-widget-heading\" data-id=\"0fdf031\" data-element_type=\"widget\" data-e-type=\"widget\" data-widget_type=\"heading.default\">\n\t\t\t\t\t<h3 class=\"elementor-heading-title elementor-size-default\">Cursos de ingl\u00e9s para adultos<\/h3>\t\t\t\t<\/div>\n\t\t\t\t<div class=\"elementor-element elementor-element-ac9dc21 elementor-widget elementor-widget-text-editor\" data-id=\"ac9dc21\" data-element_type=\"widget\" data-e-type=\"widget\" data-widget_type=\"text-editor.default\">\n\t\t\t\t\t\t\t\t\t<p>\u00bfQuieres sentirte m\u00e1s seguro hablando ingl\u00e9s? Nuestros cursos de ingl\u00e9s general son perfectos para ti.<\/p>\t\t\t\t\t\t\t\t<\/div>\n\t\t\t\t<\/div>\n\t\t\t\t<div class=\"elementor-element elementor-element-8464dce elementor-widget elementor-widget-button\" data-id=\"8464dce\" data-element_type=\"widget\" data-e-type=\"widget\" data-widget_type=\"button.default\">\n\t\t\t\t\t\t\t\t\t\t<a class=\"elementor-button elementor-button-link elementor-size-sm elementor-animation-float\" href=\"https:\/\/speakeasyidiomas.es\/es\/cursos-de-ingles\/clases-de-ingles-para-adultos\/\">\n\t\t\t\t\t\t<span class=\"elementor-button-content-wrapper\">\n\t\t\t\t\t\t<span class=\"elementor-button-icon\">\n\t\t\t\t<svg aria-hidden=\"true\" class=\"e-font-icon-svg e-fas-angle-right\" viewbox=\"0 0 256 512\" xmlns=\"http:\/\/www.w3.org\/2000\/svg\"><path d=\"M224.3 273l-136 136c-9.4 9.4-24.6 9.4-33.9 0l-22.6-22.6c-9.4-9.4-9.4-24.6 0-33.9l96.4-96.4-96.4-96.4c-9.4-9.4-9.4-24.6 0-33.9L54.3 103c9.4-9.4 24.6-9.4 33.9 0l136 136c9.5 9.4 9.5 24.6.1 34z\"><\/path><\/svg>\t\t\t<\/span>\n\t\t\t\t\t\t\t\t\t<span class=\"elementor-button-text\">saber m\u00e1s<\/span>\n\t\t\t\t\t<\/span>\n\t\t\t\t\t<\/a>\n\t\t\t\t\t\t\t\t<\/div>\n\t\t\t\t<\/div>\n\t\t<div class=\"elementor-element elementor-element-0c20ca4 e-con-full e-flex e-con e-child\" data-id=\"0c20ca4\" data-element_type=\"container\" data-e-type=\"container\" data-settings=\"{&quot;background_background&quot;:&quot;classic&quot;}\">\n\t\t<div class=\"elementor-element elementor-element-624926e e-con-full e-flex e-con e-child\" data-id=\"624926e\" data-element_type=\"container\" data-e-type=\"container\">\n\t\t\t\t<div class=\"elementor-element elementor-element-1d1a0ae elementor-widget elementor-widget-image\" data-id=\"1d1a0ae\" data-element_type=\"widget\" data-e-type=\"widget\" data-widget_type=\"image.default\">\n\t\t\t\t\t\t\t\t\t\t\t\t\t\t\t<img loading=\"lazy\" decoding=\"async\" width=\"800\" height=\"534\" src=\"https:\/\/speakeasyidiomas.es\/wp-content\/uploads\/2025\/11\/English-classes-for-teenagers-1024x683.jpg\" class=\"attachment-large size-large wp-image-496\" alt=\"clases de ingl\u00e9s para adolescentes\" srcset=\"https:\/\/speakeasyidiomas.es\/wp-content\/uploads\/2025\/11\/English-classes-for-teenagers-1024x683.jpg 1024w, https:\/\/speakeasyidiomas.es\/wp-content\/uploads\/2025\/11\/English-classes-for-teenagers-300x200.jpg 300w, https:\/\/speakeasyidiomas.es\/wp-content\/uploads\/2025\/11\/English-classes-for-teenagers-768x512.jpg 768w, https:\/\/speakeasyidiomas.es\/wp-content\/uploads\/2025\/11\/English-classes-for-teenagers-18x12.jpg 18w, https:\/\/speakeasyidiomas.es\/wp-content\/uploads\/2025\/11\/English-classes-for-teenagers.jpg 1500w\" sizes=\"(max-width: 800px) 100vw, 800px\" \/>\t\t\t\t\t\t\t\t\t\t\t\t\t\t\t<\/div>\n\t\t\t\t<div class=\"elementor-element elementor-element-c60fd51 elementor-widget elementor-widget-heading\" data-id=\"c60fd51\" data-element_type=\"widget\" data-e-type=\"widget\" data-widget_type=\"heading.default\">\n\t\t\t\t\t<h3 class=\"elementor-heading-title elementor-size-default\">Ingl\u00e9s para adolescentes<\/h3>\t\t\t\t<\/div>\n\t\t\t\t<div class=\"elementor-element elementor-element-1d98409 elementor-widget elementor-widget-text-editor\" data-id=\"1d98409\" data-element_type=\"widget\" data-e-type=\"widget\" data-widget_type=\"text-editor.default\">\n\t\t\t\t\t\t\t\t\t<p>Clases de ingl\u00e9s para alumnos de secundaria.<\/p>\t\t\t\t\t\t\t\t<\/div>\n\t\t\t\t<\/div>\n\t\t\t\t<div class=\"elementor-element elementor-element-ca1c359 elementor-widget elementor-widget-button\" data-id=\"ca1c359\" data-element_type=\"widget\" data-e-type=\"widget\" data-widget_type=\"button.default\">\n\t\t\t\t\t\t\t\t\t\t<a class=\"elementor-button elementor-button-link elementor-size-sm elementor-animation-float\" href=\"https:\/\/speakeasyidiomas.es\/es\/cursos-de-ingles\/ingles-para-adolescentes\/\">\n\t\t\t\t\t\t<span class=\"elementor-button-content-wrapper\">\n\t\t\t\t\t\t<span class=\"elementor-button-icon\">\n\t\t\t\t<svg aria-hidden=\"true\" class=\"e-font-icon-svg e-fas-angle-right\" viewbox=\"0 0 256 512\" xmlns=\"http:\/\/www.w3.org\/2000\/svg\"><path d=\"M224.3 273l-136 136c-9.4 9.4-24.6 9.4-33.9 0l-22.6-22.6c-9.4-9.4-9.4-24.6 0-33.9l96.4-96.4-96.4-96.4c-9.4-9.4-9.4-24.6 0-33.9L54.3 103c9.4-9.4 24.6-9.4 33.9 0l136 136c9.5 9.4 9.5 24.6.1 34z\"><\/path><\/svg>\t\t\t<\/span>\n\t\t\t\t\t\t\t\t\t<span class=\"elementor-button-text\">saber m\u00e1s<\/span>\n\t\t\t\t\t<\/span>\n\t\t\t\t\t<\/a>\n\t\t\t\t\t\t\t\t<\/div>\n\t\t\t\t<\/div>\n\t\t\t\t<\/div>\n\t\t\t\t\t<\/div>\n\t\t\t\t<\/div>\n\t\t\t\t\t<\/div>\n\t\t\t\t<\/div>\n\t\t\t\t<\/div>","protected":false},"excerpt":{"rendered":"<p>courses Our Courses We have in-person and online courses for everyone! Business English Improve your company\u2019s English skills with practical courses designed for your industry\u2019s needs. learn more English for kids Start learning English early! We offer fun and dynamic English classes for kids from 5 years old. learn more Exam Preparation Courses Achieve your [&hellip;]<\/p>\n","protected":false},"author":2,"featured_media":0,"parent":0,"menu_order":0,"comment_status":"closed","ping_status":"closed","template":"","meta":{"footnotes":""},"class_list":["post-134","page","type-page","status-publish","hentry"],"_links":{"self":[{"href":"https:\/\/speakeasyidiomas.es\/es\/wp-json\/wp\/v2\/pages\/134","targetHints":{"allow":["GET"]}}],"collection":[{"href":"https:\/\/speakeasyidiomas.es\/es\/wp-json\/wp\/v2\/pages"}],"about":[{"href":"https:\/\/speakeasyidiomas.es\/es\/wp-json\/wp\/v2\/types\/page"}],"author":[{"embeddable":true,"href":"https:\/\/speakeasyidiomas.es\/es\/wp-json\/wp\/v2\/users\/2"}],"replies":[{"embeddable":true,"href":"https:\/\/speakeasyidiomas.es\/es\/wp-json\/wp\/v2\/comments?post=134"}],"version-history":[{"count":50,"href":"https:\/\/speakeasyidiomas.es\/es\/wp-json\/wp\/v2\/pages\/134\/revisions"}],"predecessor-version":[{"id":1392,"href":"https:\/\/speakeasyidiomas.es\/es\/wp-json\/wp\/v2\/pages\/134\/revisions\/1392"}],"wp:attachment":[{"href":"https:\/\/speakeasyidiomas.es\/es\/wp-json\/wp\/v2\/media?parent=134"}],"curies":[{"name":"wp","href":"https:\/\/api.w.org\/{rel}","templated":true}]}}