{"id":1142,"date":"2025-11-10T11:49:22","date_gmt":"2025-11-10T10:49:22","guid":{"rendered":"https:\/\/speakeasyidiomas.es\/?page_id=1142"},"modified":"2025-11-10T12:12:15","modified_gmt":"2025-11-10T11:12:15","slug":"clases-de-ingles-para-adultos","status":"publish","type":"page","link":"https:\/\/speakeasyidiomas.es\/es\/cursos-de-ingles\/clases-de-ingles-para-adultos\/","title":{"rendered":"Clases de ingl\u00e9s para adultos"},"content":{"rendered":"<div data-elementor-type=\"wp-page\" data-elementor-id=\"1142\" class=\"elementor elementor-1142\" data-elementor-post-type=\"page\">\n\t\t\t\t<div class=\"elementor-element elementor-element-fb10f1c e-flex e-con-boxed e-con e-parent\" data-id=\"fb10f1c\" data-element_type=\"container\" data-e-type=\"container\" data-settings=\"{&quot;background_background&quot;:&quot;classic&quot;}\">\n\t\t\t\t\t<div class=\"e-con-inner\">\n\t\t<div class=\"elementor-element elementor-element-a14c858 e-con-full e-flex e-con e-child\" data-id=\"a14c858\" data-element_type=\"container\" data-e-type=\"container\" data-settings=\"{&quot;background_background&quot;:&quot;classic&quot;}\">\n\t\t\t\t<\/div>\n\t\t\t\t\t<\/div>\n\t\t\t\t<\/div>\n\t\t<div class=\"elementor-element elementor-element-a7cb2fd e-flex e-con-boxed e-con e-parent\" data-id=\"a7cb2fd\" data-element_type=\"container\" data-e-type=\"container\">\n\t\t\t\t\t<div class=\"e-con-inner\">\n\t\t<div class=\"elementor-element elementor-element-b5da7cb e-con-full e-flex elementor-invisible e-con e-child\" data-id=\"b5da7cb\" data-element_type=\"container\" data-e-type=\"container\" data-settings=\"{&quot;animation&quot;:&quot;slideInUp&quot;}\">\n\t\t<div class=\"elementor-element elementor-element-08efa83 e-con-full e-flex e-con e-child\" data-id=\"08efa83\" data-element_type=\"container\" data-e-type=\"container\">\n\t\t<div class=\"elementor-element elementor-element-06ea1b7 e-con-full e-flex e-con e-child\" data-id=\"06ea1b7\" data-element_type=\"container\" data-e-type=\"container\">\n\t\t\t\t<div class=\"elementor-element elementor-element-350ec47 elementor-widget__width-auto elementor-widget elementor-widget-image\" data-id=\"350ec47\" data-element_type=\"widget\" data-e-type=\"widget\" data-widget_type=\"image.default\">\n\t\t\t\t\t\t\t\t\t\t\t\t\t\t\t<img decoding=\"async\" width=\"64\" height=\"64\" src=\"https:\/\/speakeasyidiomas.es\/wp-content\/uploads\/2025\/11\/icono-course.png\" class=\"attachment-large size-large wp-image-293\" alt=\"curso icono\" srcset=\"https:\/\/speakeasyidiomas.es\/wp-content\/uploads\/2025\/11\/icono-course.png 64w, https:\/\/speakeasyidiomas.es\/wp-content\/uploads\/2025\/11\/icono-course-12x12.png 12w\" sizes=\"(max-width: 64px) 100vw, 64px\" \/>\t\t\t\t\t\t\t\t\t\t\t\t\t\t\t<\/div>\n\t\t\t\t<div class=\"elementor-element elementor-element-74f4008 elementor-widget__width-auto elementor-widget elementor-widget-heading\" data-id=\"74f4008\" data-element_type=\"widget\" data-e-type=\"widget\" data-widget_type=\"heading.default\">\n\t\t\t\t\t<span class=\"elementor-heading-title elementor-size-default\">Curso<\/span>\t\t\t\t<\/div>\n\t\t\t\t<\/div>\n\t\t\t\t<div class=\"elementor-element elementor-element-69e6d45 elementor-widget elementor-widget-heading\" data-id=\"69e6d45\" data-element_type=\"widget\" data-e-type=\"widget\" data-widget_type=\"heading.default\">\n\t\t\t\t\t<h2 class=\"elementor-heading-title elementor-size-default\">Cursos de Ingl\u00e9s para adultos en Palma de Mallorca<\/h2>\t\t\t\t<\/div>\n\t\t\t\t<\/div>\n\t\t<div class=\"elementor-element elementor-element-c34c65b e-con-full e-flex e-con e-child\" data-id=\"c34c65b\" data-element_type=\"container\" data-e-type=\"container\">\n\t\t<div class=\"elementor-element elementor-element-4d8345c e-con-full e-flex elementor-invisible e-con e-child\" data-id=\"4d8345c\" data-element_type=\"container\" data-e-type=\"container\" data-settings=\"{&quot;animation&quot;:&quot;slideInUp&quot;,&quot;animation_delay&quot;:&quot;100&quot;}\">\n\t\t\t\t<div class=\"elementor-element elementor-element-cdfa908 elementor-widget elementor-widget-image\" data-id=\"cdfa908\" data-element_type=\"widget\" data-e-type=\"widget\" data-widget_type=\"image.default\">\n\t\t\t\t\t\t\t\t\t\t\t\t\t\t\t<img fetchpriority=\"high\" decoding=\"async\" width=\"800\" height=\"534\" src=\"https:\/\/speakeasyidiomas.es\/wp-content\/uploads\/2025\/11\/Adults-English-classes-1024x683.jpg\" class=\"attachment-large size-large wp-image-1150\" alt=\"Clases de ingl\u00e9s para adultos\" srcset=\"https:\/\/speakeasyidiomas.es\/wp-content\/uploads\/2025\/11\/Adults-English-classes-1024x683.jpg 1024w, https:\/\/speakeasyidiomas.es\/wp-content\/uploads\/2025\/11\/Adults-English-classes-300x200.jpg 300w, https:\/\/speakeasyidiomas.es\/wp-content\/uploads\/2025\/11\/Adults-English-classes-768x512.jpg 768w, https:\/\/speakeasyidiomas.es\/wp-content\/uploads\/2025\/11\/Adults-English-classes-18x12.jpg 18w, https:\/\/speakeasyidiomas.es\/wp-content\/uploads\/2025\/11\/Adults-English-classes.jpg 1500w\" sizes=\"(max-width: 800px) 100vw, 800px\" \/>\t\t\t\t\t\t\t\t\t\t\t\t\t\t\t<\/div>\n\t\t\t\t<\/div>\n\t\t<div class=\"elementor-element elementor-element-b9dcc07 e-con-full e-flex e-con e-child\" data-id=\"b9dcc07\" data-element_type=\"container\" data-e-type=\"container\">\n\t\t\t\t<div class=\"elementor-element elementor-element-4109226 elementor-widget elementor-widget-heading\" data-id=\"4109226\" data-element_type=\"widget\" data-e-type=\"widget\" data-widget_type=\"heading.default\">\n\t\t\t\t\t<h4 class=\"elementor-heading-title elementor-size-default\">Aprende ingl\u00e9s en Palma - \u00a1Habla con confianza desde el primer d\u00eda!<\/h4>\t\t\t\t<\/div>\n\t\t\t\t<div class=\"elementor-element elementor-element-57e97f5 elementor-widget elementor-widget-text-editor\" data-id=\"57e97f5\" data-element_type=\"widget\" data-e-type=\"widget\" data-widget_type=\"text-editor.default\">\n\t\t\t\t\t\t\t\t\t<p>En <strong>Speakeasy Idiomas<\/strong>, ofrecemos <strong>Cursos de ingl\u00e9s para adultos<\/strong> de todas las edades y niveles. Tanto si eres un principiante como si quieres perfeccionar tu fluidez, nuestro objetivo es ayudarte a <strong>hablar<\/strong><br \/><strong>ingl\u00e9s con seguridad y naturalidad<\/strong> en situaciones de la vida real.<br \/><br \/>Nuestros <strong>clases reducidas y acogedoras<\/strong> (m\u00e1ximo 6 alumnos) son impartidos por <strong>profesores nativos de ingl\u00e9s con experiencia<\/strong> que hacen que el aprendizaje sea divertido, interactivo y eficaz. <strong>Desde la conversaci\u00f3n y la pronunciaci\u00f3n a la lectura, la escritura y la comprensi\u00f3n oral<\/strong>, cada lecci\u00f3n se centra en la pr\u00e1ctica<br \/>habilidades de comunicaci\u00f3n que puedes utilizar inmediatamente.<\/p>\t\t\t\t\t\t\t\t<\/div>\n\t\t\t\t<\/div>\n\t\t\t\t<\/div>\n\t\t\t\t<\/div>\n\t\t\t\t\t<\/div>\n\t\t\t\t<\/div>\n\t\t<div class=\"elementor-element elementor-element-09112ce e-flex e-con-boxed e-con e-parent\" data-id=\"09112ce\" data-element_type=\"container\" data-e-type=\"container\">\n\t\t\t\t\t<div class=\"e-con-inner\">\n\t\t<div class=\"elementor-element elementor-element-c8526e2 e-con-full e-flex e-con e-child\" data-id=\"c8526e2\" data-element_type=\"container\" data-e-type=\"container\">\n\t\t<div class=\"elementor-element elementor-element-d8ddae3 e-con-full e-flex e-con e-child\" data-id=\"d8ddae3\" data-element_type=\"container\" data-e-type=\"container\">\n\t\t\t\t<div class=\"elementor-element elementor-element-1bc95a1 elementor-widget__width-auto elementor-widget elementor-widget-image\" data-id=\"1bc95a1\" data-element_type=\"widget\" data-e-type=\"widget\" data-widget_type=\"image.default\">\n\t\t\t\t\t\t\t\t\t\t\t\t\t\t\t<img decoding=\"async\" width=\"64\" height=\"64\" src=\"https:\/\/speakeasyidiomas.es\/wp-content\/uploads\/2025\/11\/icono-course.png\" class=\"attachment-large size-large wp-image-293\" alt=\"curso icono\" srcset=\"https:\/\/speakeasyidiomas.es\/wp-content\/uploads\/2025\/11\/icono-course.png 64w, https:\/\/speakeasyidiomas.es\/wp-content\/uploads\/2025\/11\/icono-course-12x12.png 12w\" sizes=\"(max-width: 64px) 100vw, 64px\" \/>\t\t\t\t\t\t\t\t\t\t\t\t\t\t\t<\/div>\n\t\t\t\t<div class=\"elementor-element elementor-element-9e13cab elementor-widget__width-auto elementor-widget elementor-widget-heading\" data-id=\"9e13cab\" data-element_type=\"widget\" data-e-type=\"widget\" data-widget_type=\"heading.default\">\n\t\t\t\t\t<span class=\"elementor-heading-title elementor-size-default\">por qu\u00e9 elegirnos<\/span>\t\t\t\t<\/div>\n\t\t\t\t<\/div>\n\t\t\t\t<div class=\"elementor-element elementor-element-66e3bfc elementor-widget__width-initial elementor-widget elementor-widget-heading\" data-id=\"66e3bfc\" data-element_type=\"widget\" data-e-type=\"widget\" data-widget_type=\"heading.default\">\n\t\t\t\t\t<h2 class=\"elementor-heading-title elementor-size-default\">Creemos en aprender haciendo<\/h2>\t\t\t\t<\/div>\n\t\t\t\t<div class=\"elementor-element elementor-element-5712fbb elementor-widget__width-initial elementor-widget elementor-widget-text-editor\" data-id=\"5712fbb\" data-element_type=\"widget\" data-e-type=\"widget\" data-widget_type=\"text-editor.default\">\n\t\t\t\t\t\t\t\t\t<p>por eso nuestro <strong>m\u00e9todo din\u00e1mico y comunicativo<\/strong> te har\u00e1 hablar desde tu primera clase. Con <strong>atenci\u00f3n personalizada<\/strong> y <strong>planes de clases a medida<\/strong>, Progresar\u00e1s m\u00e1s r\u00e1pido y disfrutar\u00e1s de cada paso de tu aprendizaje del ingl\u00e9s.<\/p>\t\t\t\t\t\t\t\t<\/div>\n\t\t\t\t<\/div>\n\t\t<div class=\"elementor-element elementor-element-6bfacb2 e-con-full e-flex e-con e-child\" data-id=\"6bfacb2\" data-element_type=\"container\" data-e-type=\"container\">\n\t\t<div class=\"elementor-element elementor-element-ee399c6 e-con-full e-flex elementor-invisible e-con e-child\" data-id=\"ee399c6\" data-element_type=\"container\" data-e-type=\"container\" data-settings=\"{&quot;background_background&quot;:&quot;classic&quot;,&quot;animation&quot;:&quot;slideInUp&quot;,&quot;animation_delay&quot;:&quot;100&quot;}\">\n\t\t<div class=\"elementor-element elementor-element-419b137 e-con-full e-flex e-con e-child\" data-id=\"419b137\" data-element_type=\"container\" data-e-type=\"container\" data-settings=\"{&quot;background_background&quot;:&quot;classic&quot;}\">\n\t\t\t\t<div class=\"elementor-element elementor-element-2827070 elementor-widget elementor-widget-image\" data-id=\"2827070\" data-element_type=\"widget\" data-e-type=\"widget\" data-widget_type=\"image.default\">\n\t\t\t\t\t\t\t\t\t\t\t\t\t\t\t<img decoding=\"async\" width=\"300\" height=\"300\" src=\"https:\/\/speakeasyidiomas.es\/wp-content\/uploads\/2025\/11\/people.svg\" class=\"attachment-large size-large wp-image-773\" alt=\"gente\" \/>\t\t\t\t\t\t\t\t\t\t\t\t\t\t\t<\/div>\n\t\t\t\t<\/div>\n\t\t<div class=\"elementor-element elementor-element-988585e e-flex e-con-boxed e-con e-child\" data-id=\"988585e\" data-element_type=\"container\" data-e-type=\"container\">\n\t\t\t\t\t<div class=\"e-con-inner\">\n\t\t\t\t<div class=\"elementor-element elementor-element-afe1363 elementor-widget elementor-widget-text-editor\" data-id=\"afe1363\" data-element_type=\"widget\" data-e-type=\"widget\" data-widget_type=\"text-editor.default\">\n\t\t\t\t\t\t\t\t\t<p><strong>Grupos peque\u00f1os<\/strong> - m\u00e1ximo 6 alumnos<\/p>\t\t\t\t\t\t\t\t<\/div>\n\t\t\t\t\t<\/div>\n\t\t\t\t<\/div>\n\t\t\t\t<\/div>\n\t\t<div class=\"elementor-element elementor-element-8d96190 e-con-full e-flex elementor-invisible e-con e-child\" data-id=\"8d96190\" data-element_type=\"container\" data-e-type=\"container\" data-settings=\"{&quot;background_background&quot;:&quot;classic&quot;,&quot;animation&quot;:&quot;slideInUp&quot;,&quot;animation_delay&quot;:&quot;100&quot;}\">\n\t\t<div class=\"elementor-element elementor-element-0ede07d e-con-full e-flex e-con e-child\" data-id=\"0ede07d\" data-element_type=\"container\" data-e-type=\"container\" data-settings=\"{&quot;background_background&quot;:&quot;classic&quot;}\">\n\t\t\t\t<div class=\"elementor-element elementor-element-73e94fe elementor-widget elementor-widget-image\" data-id=\"73e94fe\" data-element_type=\"widget\" data-e-type=\"widget\" data-widget_type=\"image.default\">\n\t\t\t\t\t\t\t\t\t\t\t\t\t\t\t<img loading=\"lazy\" decoding=\"async\" width=\"300\" height=\"300\" src=\"https:\/\/speakeasyidiomas.es\/wp-content\/uploads\/2025\/11\/book-1.svg\" class=\"attachment-large size-large wp-image-1155\" alt=\"libro 1\" \/>\t\t\t\t\t\t\t\t\t\t\t\t\t\t\t<\/div>\n\t\t\t\t<\/div>\n\t\t<div class=\"elementor-element elementor-element-0ea184e e-flex e-con-boxed e-con e-child\" data-id=\"0ea184e\" data-element_type=\"container\" data-e-type=\"container\">\n\t\t\t\t\t<div class=\"e-con-inner\">\n\t\t\t\t<div class=\"elementor-element elementor-element-b73f0f9 elementor-widget elementor-widget-text-editor\" data-id=\"b73f0f9\" data-element_type=\"widget\" data-e-type=\"widget\" data-widget_type=\"text-editor.default\">\n\t\t\t\t\t\t\t\t\t<p><strong>Empieza en cualquier momento<\/strong> - nuevos cursos de ingl\u00e9s a lo largo del a\u00f1o<\/p>\t\t\t\t\t\t\t\t<\/div>\n\t\t\t\t\t<\/div>\n\t\t\t\t<\/div>\n\t\t\t\t<\/div>\n\t\t<div class=\"elementor-element elementor-element-962cda5 e-con-full e-flex elementor-invisible e-con e-child\" data-id=\"962cda5\" data-element_type=\"container\" data-e-type=\"container\" data-settings=\"{&quot;background_background&quot;:&quot;classic&quot;,&quot;animation&quot;:&quot;slideInUp&quot;,&quot;animation_delay&quot;:&quot;100&quot;}\">\n\t\t<div class=\"elementor-element elementor-element-36f1b02 e-con-full e-flex e-con e-child\" data-id=\"36f1b02\" data-element_type=\"container\" data-e-type=\"container\" data-settings=\"{&quot;background_background&quot;:&quot;classic&quot;}\">\n\t\t\t\t<div class=\"elementor-element elementor-element-98c1707 elementor-widget elementor-widget-image\" data-id=\"98c1707\" data-element_type=\"widget\" data-e-type=\"widget\" data-widget_type=\"image.default\">\n\t\t\t\t\t\t\t\t\t\t\t\t\t\t\t<img loading=\"lazy\" decoding=\"async\" width=\"300\" height=\"300\" src=\"https:\/\/speakeasyidiomas.es\/wp-content\/uploads\/2025\/11\/support.svg\" class=\"attachment-large size-large wp-image-1107\" alt=\"ayuda\" \/>\t\t\t\t\t\t\t\t\t\t\t\t\t\t\t<\/div>\n\t\t\t\t<\/div>\n\t\t<div class=\"elementor-element elementor-element-bccd5e2 e-flex e-con-boxed e-con e-child\" data-id=\"bccd5e2\" data-element_type=\"container\" data-e-type=\"container\">\n\t\t\t\t\t<div class=\"e-con-inner\">\n\t\t\t\t<div class=\"elementor-element elementor-element-f60bcba elementor-widget elementor-widget-text-editor\" data-id=\"f60bcba\" data-element_type=\"widget\" data-e-type=\"widget\" data-widget_type=\"text-editor.default\">\n\t\t\t\t\t\t\t\t\t<p>Crea tu propio grupo (m\u00ednimo 3 alumnos)<\/p>\t\t\t\t\t\t\t\t<\/div>\n\t\t\t\t\t<\/div>\n\t\t\t\t<\/div>\n\t\t\t\t<\/div>\n\t\t<div class=\"elementor-element elementor-element-3483c0f e-con-full e-flex elementor-invisible e-con e-child\" data-id=\"3483c0f\" data-element_type=\"container\" data-e-type=\"container\" data-settings=\"{&quot;background_background&quot;:&quot;classic&quot;,&quot;animation&quot;:&quot;slideInUp&quot;,&quot;animation_delay&quot;:&quot;100&quot;}\">\n\t\t<div class=\"elementor-element elementor-element-0a34919 e-con-full e-flex e-con e-child\" data-id=\"0a34919\" data-element_type=\"container\" data-e-type=\"container\" data-settings=\"{&quot;background_background&quot;:&quot;classic&quot;}\">\n\t\t\t\t<div class=\"elementor-element elementor-element-774fda9 elementor-widget elementor-widget-image\" data-id=\"774fda9\" data-element_type=\"widget\" data-e-type=\"widget\" data-widget_type=\"image.default\">\n\t\t\t\t\t\t\t\t\t\t\t\t\t\t\t<img loading=\"lazy\" decoding=\"async\" width=\"300\" height=\"300\" src=\"https:\/\/speakeasyidiomas.es\/wp-content\/uploads\/2025\/11\/professional.svg\" class=\"attachment-large size-large wp-image-776\" alt=\"profesional\" \/>\t\t\t\t\t\t\t\t\t\t\t\t\t\t\t<\/div>\n\t\t\t\t<\/div>\n\t\t<div class=\"elementor-element elementor-element-caeb096 e-flex e-con-boxed e-con e-child\" data-id=\"caeb096\" data-element_type=\"container\" data-e-type=\"container\">\n\t\t\t\t\t<div class=\"e-con-inner\">\n\t\t\t\t<div class=\"elementor-element elementor-element-1587435 elementor-widget elementor-widget-text-editor\" data-id=\"1587435\" data-element_type=\"widget\" data-e-type=\"widget\" data-widget_type=\"text-editor.default\">\n\t\t\t\t\t\t\t\t\t<p>Profesores nativos, cualificados y entusiasmados<\/p>\t\t\t\t\t\t\t\t<\/div>\n\t\t\t\t\t<\/div>\n\t\t\t\t<\/div>\n\t\t\t\t<\/div>\n\t\t<div class=\"elementor-element elementor-element-29f3963 e-con-full e-flex elementor-invisible e-con e-child\" data-id=\"29f3963\" data-element_type=\"container\" data-e-type=\"container\" data-settings=\"{&quot;background_background&quot;:&quot;classic&quot;,&quot;animation&quot;:&quot;slideInUp&quot;,&quot;animation_delay&quot;:&quot;100&quot;}\">\n\t\t<div class=\"elementor-element elementor-element-1f68833 e-con-full e-flex e-con e-child\" data-id=\"1f68833\" data-element_type=\"container\" data-e-type=\"container\" data-settings=\"{&quot;background_background&quot;:&quot;classic&quot;}\">\n\t\t\t\t<div class=\"elementor-element elementor-element-b293110 elementor-widget elementor-widget-image\" data-id=\"b293110\" data-element_type=\"widget\" data-e-type=\"widget\" data-widget_type=\"image.default\">\n\t\t\t\t\t\t\t\t\t\t\t\t\t\t\t<img loading=\"lazy\" decoding=\"async\" width=\"300\" height=\"300\" src=\"https:\/\/speakeasyidiomas.es\/wp-content\/uploads\/2025\/11\/meeting.svg\" class=\"attachment-large size-large wp-image-1156\" alt=\"reuni\u00f3n\" \/>\t\t\t\t\t\t\t\t\t\t\t\t\t\t\t<\/div>\n\t\t\t\t<\/div>\n\t\t<div class=\"elementor-element elementor-element-0301e35 e-flex e-con-boxed e-con e-child\" data-id=\"0301e35\" data-element_type=\"container\" data-e-type=\"container\">\n\t\t\t\t\t<div class=\"e-con-inner\">\n\t\t\t\t<div class=\"elementor-element elementor-element-39bd491 elementor-widget elementor-widget-text-editor\" data-id=\"39bd491\" data-element_type=\"widget\" data-e-type=\"widget\" data-widget_type=\"text-editor.default\">\n\t\t\t\t\t\t\t\t\t<p>Centrarte en la expresi\u00f3n oral, la fluidez y la comunicaci\u00f3n real<\/p>\t\t\t\t\t\t\t\t<\/div>\n\t\t\t\t\t<\/div>\n\t\t\t\t<\/div>\n\t\t\t\t<\/div>\n\t\t\t\t<\/div>\n\t\t\t\t\t<\/div>\n\t\t\t\t<\/div>\n\t\t<div class=\"elementor-element elementor-element-b8e5d4a e-flex e-con-boxed e-con e-parent\" data-id=\"b8e5d4a\" data-element_type=\"container\" data-e-type=\"container\">\n\t\t\t\t\t<div class=\"e-con-inner\">\n\t\t<div class=\"elementor-element elementor-element-8e814de e-con-full e-flex e-con e-child\" data-id=\"8e814de\" data-element_type=\"container\" data-e-type=\"container\">\n\t\t<div class=\"elementor-element elementor-element-13fd8c4 e-con-full e-flex e-con e-child\" data-id=\"13fd8c4\" data-element_type=\"container\" data-e-type=\"container\">\n\t\t<div class=\"elementor-element elementor-element-b56e245 e-con-full e-flex elementor-invisible e-con e-child\" data-id=\"b56e245\" data-element_type=\"container\" data-e-type=\"container\" data-settings=\"{&quot;animation&quot;:&quot;slideInUp&quot;,&quot;animation_delay&quot;:&quot;100&quot;}\">\n\t\t\t\t<div class=\"elementor-element elementor-element-05df854 elementor-widget elementor-widget-image\" data-id=\"05df854\" data-element_type=\"widget\" data-e-type=\"widget\" data-widget_type=\"image.default\">\n\t\t\t\t\t\t\t\t\t\t\t\t\t\t\t<img loading=\"lazy\" decoding=\"async\" width=\"1500\" height=\"1001\" src=\"https:\/\/speakeasyidiomas.es\/wp-content\/uploads\/2025\/11\/Adults-English-classes-contact.jpg\" class=\"attachment-full size-full wp-image-1151\" alt=\"Clases de ingl\u00e9s para adultos Contacto\" srcset=\"https:\/\/speakeasyidiomas.es\/wp-content\/uploads\/2025\/11\/Adults-English-classes-contact.jpg 1500w, https:\/\/speakeasyidiomas.es\/wp-content\/uploads\/2025\/11\/Adults-English-classes-contact-300x200.jpg 300w, https:\/\/speakeasyidiomas.es\/wp-content\/uploads\/2025\/11\/Adults-English-classes-contact-1024x683.jpg 1024w, https:\/\/speakeasyidiomas.es\/wp-content\/uploads\/2025\/11\/Adults-English-classes-contact-768x513.jpg 768w, https:\/\/speakeasyidiomas.es\/wp-content\/uploads\/2025\/11\/Adults-English-classes-contact-18x12.jpg 18w\" sizes=\"(max-width: 1500px) 100vw, 1500px\" \/>\t\t\t\t\t\t\t\t\t\t\t\t\t\t\t<\/div>\n\t\t\t\t<\/div>\n\t\t\t\t<\/div>\n\t\t<div class=\"elementor-element elementor-element-1bb0cf5 e-con-full e-flex e-con e-child\" data-id=\"1bb0cf5\" data-element_type=\"container\" data-e-type=\"container\">\n\t\t<div class=\"elementor-element elementor-element-516d9c9 elementor-hidden-mobile e-con-full e-flex e-con e-child\" data-id=\"516d9c9\" data-element_type=\"container\" data-e-type=\"container\">\n\t\t\t\t<\/div>\n\t\t<div class=\"elementor-element elementor-element-55c0463 e-con-full e-flex e-con e-child\" data-id=\"55c0463\" data-element_type=\"container\" data-e-type=\"container\" data-settings=\"{&quot;background_background&quot;:&quot;classic&quot;}\">\n\t\t\t\t<div class=\"elementor-element elementor-element-fb6fc1f elementor-widget elementor-widget-heading\" data-id=\"fb6fc1f\" data-element_type=\"widget\" data-e-type=\"widget\" data-widget_type=\"heading.default\">\n\t\t\t\t\t<h4 class=\"elementor-heading-title elementor-size-default\">\u00bfListo para empezar a hablar ingl\u00e9s con confianza?<\/h4>\t\t\t\t<\/div>\n\t\t\t\t<div class=\"elementor-element elementor-element-3cd2ab2 elementor-widget elementor-widget-text-editor\" data-id=\"3cd2ab2\" data-element_type=\"widget\" data-e-type=\"widget\" data-widget_type=\"text-editor.default\">\n\t\t\t\t\t\t\t\t\t<p>Ap\u00fantate hoy mismo a nuestras clases de ingl\u00e9s para adultos en Speakeasy Idiomas y ver\u00e1s lo r\u00e1pido que mejoras.<\/p><p><em>Ponte en contacto con nosotros ahora para reservar tu prueba de nivel o clase de prueba gratuita..<\/em><\/p>\t\t\t\t\t\t\t\t<\/div>\n\t\t\t\t<div class=\"elementor-element elementor-element-d46c82e elementor-icon-list--layout-traditional elementor-list-item-link-full_width elementor-widget elementor-widget-icon-list\" data-id=\"d46c82e\" data-element_type=\"widget\" data-e-type=\"widget\" data-widget_type=\"icon-list.default\">\n\t\t\t\t\t\t\t<ul class=\"elementor-icon-list-items\">\n\t\t\t\t\t\t\t<li class=\"elementor-icon-list-item\">\n\t\t\t\t\t\t\t\t\t\t\t<a href=\"https:\/\/maps.app.goo.gl\/MqVWHUMYqGQzBLNRA\" target=\"_blank\">\n\n\t\t\t\t\t\t\t\t\t\t\t\t<span class=\"elementor-icon-list-icon\">\n\t\t\t\t\t\t\t<svg aria-hidden=\"true\" class=\"e-font-icon-svg e-fas-map-marker-alt\" viewbox=\"0 0 384 512\" xmlns=\"http:\/\/www.w3.org\/2000\/svg\"><path d=\"M172.268 501.67C26.97 291.031 0 269.413 0 192 0 85.961 85.961 0 192 0s192 85.961 192 192c0 77.413-26.97 99.031-172.268 309.67-9.535 13.774-29.93 13.773-39.464 0zM192 272c44.183 0 80-35.817 80-80s-35.817-80-80-80-80 35.817-80 80 35.817 80 80 80z\"><\/path><\/svg>\t\t\t\t\t\t<\/span>\n\t\t\t\t\t\t\t\t\t\t<span class=\"elementor-icon-list-text\"><u> Situado en Palma, Mallorca<\/u><\/span>\n\t\t\t\t\t\t\t\t\t\t\t<\/a>\n\t\t\t\t\t\t\t\t\t<\/li>\n\t\t\t\t\t\t<\/ul>\n\t\t\t\t\t\t<\/div>\n\t\t<div class=\"elementor-element elementor-element-e160fc4 e-flex e-con-boxed e-con e-child\" data-id=\"e160fc4\" data-element_type=\"container\" data-e-type=\"container\">\n\t\t\t\t\t<div class=\"e-con-inner\">\n\t\t\t\t<div class=\"elementor-element elementor-element-b8568ac elementor-widget__width-auto elementor-invisible elementor-widget elementor-widget-button\" data-id=\"b8568ac\" data-element_type=\"widget\" data-e-type=\"widget\" data-settings=\"{&quot;_animation&quot;:&quot;fadeInUp&quot;}\" data-widget_type=\"button.default\">\n\t\t\t\t\t\t\t\t\t\t<a class=\"elementor-button elementor-button-link elementor-size-lg elementor-animation-float\" href=\"https:\/\/speakeasyidiomas.es\/es\/contacto\/\">\n\t\t\t\t\t\t<span class=\"elementor-button-content-wrapper\">\n\t\t\t\t\t\t\t\t\t<span class=\"elementor-button-text\">Contacto<\/span>\n\t\t\t\t\t<\/span>\n\t\t\t\t\t<\/a>\n\t\t\t\t\t\t\t\t<\/div>\n\t\t\t\t\t<\/div>\n\t\t\t\t<\/div>\n\t\t\t\t<\/div>\n\t\t\t\t<\/div>\n\t\t\t\t<\/div>\n\t\t\t\t\t<\/div>\n\t\t\t\t<\/div>\n\t\t\t\t<\/div>","protected":false},"excerpt":{"rendered":"<p>Course English Courses for Adults in Palma de Mallorca Learn English in Palma \u2014 Speak with Confidence from Day One! At Speakeasy Palma, we offer English courses for adults of all ages and levels. Whether you\u2019re a complete beginner or want to perfect your fluency, our goal is to help you speakEnglish confidently and naturally [&hellip;]<\/p>\n","protected":false},"author":3,"featured_media":0,"parent":134,"menu_order":0,"comment_status":"closed","ping_status":"closed","template":"","meta":{"footnotes":""},"class_list":["post-1142","page","type-page","status-publish","hentry"],"_links":{"self":[{"href":"https:\/\/speakeasyidiomas.es\/es\/wp-json\/wp\/v2\/pages\/1142","targetHints":{"allow":["GET"]}}],"collection":[{"href":"https:\/\/speakeasyidiomas.es\/es\/wp-json\/wp\/v2\/pages"}],"about":[{"href":"https:\/\/speakeasyidiomas.es\/es\/wp-json\/wp\/v2\/types\/page"}],"author":[{"embeddable":true,"href":"https:\/\/speakeasyidiomas.es\/es\/wp-json\/wp\/v2\/users\/3"}],"replies":[{"embeddable":true,"href":"https:\/\/speakeasyidiomas.es\/es\/wp-json\/wp\/v2\/comments?post=1142"}],"version-history":[{"count":16,"href":"https:\/\/speakeasyidiomas.es\/es\/wp-json\/wp\/v2\/pages\/1142\/revisions"}],"predecessor-version":[{"id":1162,"href":"https:\/\/speakeasyidiomas.es\/es\/wp-json\/wp\/v2\/pages\/1142\/revisions\/1162"}],"up":[{"embeddable":true,"href":"https:\/\/speakeasyidiomas.es\/es\/wp-json\/wp\/v2\/pages\/134"}],"wp:attachment":[{"href":"https:\/\/speakeasyidiomas.es\/es\/wp-json\/wp\/v2\/media?parent=1142"}],"curies":[{"name":"wp","href":"https:\/\/api.w.org\/{rel}","templated":true}]}}